{"id":9412,"date":"2021-02-23T18:56:10","date_gmt":"2021-02-23T16:56:10","guid":{"rendered":"https:\/\/caniscool.es\/s\/?page_id=9412"},"modified":"2021-11-16T11:36:28","modified_gmt":"2021-11-16T09:36:28","slug":"trabaja-con-nosotros","status":"publish","type":"page","link":"https:\/\/caniscool.es\/s\/es\/trabaja-con-nosotros\/","title":{"rendered":"Trabaja con nosotros"},"content":{"rendered":"<p>[et_pb_section fb_built=\u00bb1&#8243; _builder_version=\u00bb4.4.7&#8243; custom_margin=\u00bb0px||0px||false|false\u00bb custom_padding=\u00bb0px||0px||false|false\u00bb][et_pb_row disabled_on=\u00bbon|off|off\u00bb _builder_version=\u00bb4.4.7&#8243; background_enable_image=\u00bboff\u00bb width=\u00bb100%\u00bb max_width=\u00bb100%\u00bb custom_margin=\u00bb0px||||false|false\u00bb custom_padding=\u00bb50px||||false|false\u00bb][et_pb_column type=\u00bb4_4&#8243; _builder_version=\u00bb4.4.7&#8243;][et_pb_text _builder_version=\u00bb4.6.6&#8243; header_2_font=\u00bb|700|||||||\u00bb header_2_text_align=\u00bbcenter\u00bb header_2_font_size=\u00bb4.2vw\u00bb header_2_line_height=\u00bb1.5em\u00bb]<\/p>\n<h2>Trabaja con nosotros<\/h2>\n<p>[\/et_pb_text][\/et_pb_column][\/et_pb_row][\/et_pb_section][et_pb_section fb_built=\u00bb1&#8243; fullwidth=\u00bbon\u00bb disabled_on=\u00bboff|on|on\u00bb admin_label=\u00bbbanderes idioma m\u00f2bil\u00bb module_class=\u00bbwpml_mobil \u00bb _builder_version=\u00bb4.6.6&#8243; _module_preset=\u00bbdefault\u00bb][et_pb_fullwidth_code admin_label=\u00bbBanderes idioma m\u00f2bil\u00bb _builder_version=\u00bb4.6.6&#8243; _module_preset=\u00bbdefault\u00bb text_orientation=\u00bbright\u00bb width=\u00bb100%\u00bb custom_margin=\u00bb||||false|false\u00bb custom_padding=\u00bb||0px||false|false\u00bb hover_enabled=\u00bb0&#8243; sticky_enabled=\u00bb0&#8243;]\n<div class=\"wpml-ls-statics-shortcode_actions wpml-ls wpml-ls-legacy-list-horizontal\">\n\t<ul><li class=\"wpml-ls-slot-shortcode_actions wpml-ls-item wpml-ls-item-es wpml-ls-current-language wpml-ls-first-item wpml-ls-item-legacy-list-horizontal\">\n\t\t\t\t<a href=\"https:\/\/caniscool.es\/s\/es\/\" class=\"wpml-ls-link\">\n                                                        <img decoding=\"async\"\n            class=\"wpml-ls-flag\"\n            src=\"https:\/\/caniscool.es\/s\/wp-content\/plugins\/sitepress-multilingual-cms\/res\/flags\/es.png\"\n            alt=\"Espa\u00f1ol\"\n            width=18\n            height=12\n    \/><\/a>\n\t\t\t<\/li><li class=\"wpml-ls-slot-shortcode_actions wpml-ls-item wpml-ls-item-en wpml-ls-last-item wpml-ls-item-legacy-list-horizontal\">\n\t\t\t\t<a href=\"https:\/\/caniscool.es\/s\/en\/\" class=\"wpml-ls-link\">\n                                                        <img decoding=\"async\"\n            class=\"wpml-ls-flag\"\n            src=\"https:\/\/caniscool.es\/s\/wp-content\/plugins\/sitepress-multilingual-cms\/res\/flags\/en.png\"\n            alt=\"Ingl\u00e9s\"\n            width=18\n            height=12\n    \/><\/a>\n\t\t\t<\/li><\/ul>\n<\/div>\n<!-- [et_pb_line_break_holder] -->[\/et_pb_fullwidth_code][\/et_pb_section][et_pb_section fb_built=\u00bb1&#8243; fullwidth=\u00bbon\u00bb _builder_version=\u00bb4.6.6&#8243; _module_preset=\u00bbdefault\u00bb][et_pb_fullwidth_image src=\u00bbhttps:\/\/caniscool.es\/s\/wp-content\/uploads\/2020\/07\/equipo_home.jpg\u00bb title_text=\u00bbequipo_home\u00bb _builder_version=\u00bb4.6.6&#8243; _module_preset=\u00bbdefault\u00bb][\/et_pb_fullwidth_image][\/et_pb_section][et_pb_section fb_built=\u00bb1&#8243; disabled_on=\u00bbon|off|off\u00bb admin_label=\u00bbVision Section\u00bb _builder_version=\u00bb4.4.7&#8243; background_color=\u00bb#ffffff\u00bb background_enable_image=\u00bboff\u00bb background_size=\u00bbcontain\u00bb background_position=\u00bbtop_left\u00bb custom_margin=\u00bb0px||0px||false|false\u00bb custom_padding=\u00bb0px|0px|0px|0px|false|false\u00bb bottom_divider_style=\u00bbramp\u00bb bottom_divider_color=\u00bb#e84e0e\u00bb bottom_divider_flip=\u00bbhorizontal\u00bb][et_pb_row use_custom_gutter=\u00bbon\u00bb gutter_width=\u00bb1&#8243; _builder_version=\u00bb4.4.7&#8243; width=\u00bb90%\u00bb max_width=\u00bb90%\u00bb custom_margin=\u00bb||||false|false\u00bb custom_padding=\u00bb||||false|false\u00bb][et_pb_column type=\u00bb4_4&#8243; _builder_version=\u00bb4.4.7&#8243;][et_pb_text _builder_version=\u00bb4.6.6&#8243; header_2_font=\u00bb|700|||||||\u00bb header_2_text_align=\u00bbcenter\u00bb header_2_font_size=\u00bb4.2vw\u00bb header_2_line_height=\u00bb1.5em\u00bb]<\/p>\n<h1 style=\"text-align: center;\"><strong>INSTRUCTOR-A CANIN@<\/strong><\/h1>\n<p>[\/et_pb_text][et_pb_text _builder_version=\u00bb4.6.6&#8243; text_font=\u00bb||||||||\u00bb text_font_size=\u00bb18px\u00bb text_letter_spacing=\u00bb1px\u00bb ul_text_align=\u00bbleft\u00bb header_4_font=\u00bb|600|||||||\u00bb header_4_font_size=\u00bb20px\u00bb header_4_line_height=\u00bb1.7em\u00bb custom_margin=\u00bb||||false|false\u00bb custom_padding=\u00bb3px|||||\u00bb]<\/p>\n<p style=\"text-align: center;\">Buscamos personas con formaci\u00f3n en adiestramiento y etolog\u00eda canina y experiencia en trabajo con cachorros,<\/p>\n<p style=\"text-align: center;\">interesadas en incorporarse al nuestro equipo al puesto de instructor-a canino@, trabajo a tiempo parcial.<\/p>\n<p style=\"text-align: center;\"><strong>Requisitos m\u00ednimos:<\/strong><\/p>\n<p style=\"text-align: center;\">&#8211;\u00a0 Ingl\u00e9s fluido (no vamos a responder a candidaturas que no cumplen con este requisito)<\/p>\n<p style=\"text-align: center;\">&#8211;\u00a0 Formaci\u00f3n en el \u00e1mbito de adiestramiento y etolog\u00eda canina, demostrable<\/p>\n<p style=\"text-align: center;\">&#8211;\u00a0 M\u00ednimo de 3 a\u00f1os de experiencia en impartir clases particulares y grupales, demostrable<\/p>\n<p style=\"text-align: center;\">&#8211;\u00a0 Residente en Barcelona o alrededores<\/p>\n<p style=\"text-align: center;\"><strong>Requisitos deseados:<\/strong><\/p>\n<p style=\"text-align: center;\">&#8211;\u00a0 Certificaci\u00f3n ANACP o Generalitat de Catalunya<\/p>\n<p style=\"text-align: center;\"><strong>Si te interesa esta oferta,\u00a0 por favor env\u00edanos tu CV en Ingl\u00e9s a:<\/strong> <a href=\"mailto:info@caniscool.es\">info@caniscool.es<\/a><\/p>\n<p>&nbsp;<\/p>\n<p>[\/et_pb_text][et_pb_divider _builder_version=\u00bb4.6.6&#8243; _module_preset=\u00bbdefault\u00bb][\/et_pb_divider][et_pb_text _builder_version=\u00bb4.6.6&#8243; header_2_font=\u00bb|700|||||||\u00bb header_2_text_align=\u00bbcenter\u00bb header_2_font_size=\u00bb4.2vw\u00bb header_2_line_height=\u00bb1.5em\u00bb min_height=\u00bb31px\u00bb]<\/p>\n<h1 style=\"text-align: center;\"><strong><\/strong><\/h1>\n<h1 style=\"text-align: center;\"><strong>AYUDANTE DE INSTRUCTOR-A CANIN@ EN PR\u00c1CTICAS<\/strong><\/h1>\n<p><strong><\/strong><\/p>\n<p>[\/et_pb_text][et_pb_text _builder_version=\u00bb4.6.6&#8243; text_font=\u00bb||||||||\u00bb text_font_size=\u00bb18px\u00bb text_letter_spacing=\u00bb1px\u00bb ul_text_align=\u00bbleft\u00bb header_4_font=\u00bb|600|||||||\u00bb header_4_font_size=\u00bb20px\u00bb header_4_line_height=\u00bb1.7em\u00bb custom_margin=\u00bb||||false|false\u00bb custom_padding=\u00bb3px|||||\u00bb]<\/p>\n<p>&nbsp;<\/p>\n<p style=\"text-align: center;\">Buscamos personas con formaci\u00f3n en adiestramiento y etolog\u00eda canina interesadas en hacer pr\u00e1cticas en nuestra escuela,<\/p>\n<p style=\"text-align: center;\">con posibilidad de incorporaci\u00f3n al equipo al puesto de ayudante del instructor-a.<\/p>\n<p style=\"text-align: center;\"><strong>Requisitos m\u00ednimos:<\/strong><\/p>\n<p style=\"text-align: center;\">&#8211;\u00a0 Ingl\u00e9s fluido (no vamos a responder a\u00a0 candidaturas que no cumplen con este requisito)<\/p>\n<p style=\"text-align: center;\">&#8211;\u00a0 Formaci\u00f3n en el \u00e1mbito de adiestramiento y etolog\u00eda canina demostrable<\/p>\n<p style=\"text-align: center;\">&#8211;\u00a0 Residente en Barcelona o alrededores<\/p>\n<p style=\"text-align: center;\"><strong>Requisitos deseados:<\/strong><\/p>\n<p style=\"text-align: center;\">&#8211;\u00a0 Certificaci\u00f3n ANACP o Generalitat de Catalunya<\/p>\n<p style=\"text-align: center;\"><strong>Si te interesa esta oferta,\u00a0 por favor env\u00edanos tu CV en Ingl\u00e9s a:<\/strong> <a href=\"mailto:info@caniscool.es\">info@caniscool.es<\/a><\/p>\n<p>&nbsp;<\/p>\n<p>&nbsp;<\/p>\n<p>&nbsp;<\/p>\n<p>[\/et_pb_text][\/et_pb_column][\/et_pb_row][\/et_pb_section][et_pb_section fb_built=\u00bb1&#8243; disabled_on=\u00bboff|on|on\u00bb admin_label=\u00bbsecci\u00f3 1m\u00f2bil\u00bb _builder_version=\u00bb4.4.7&#8243; background_color=\u00bb#ffffff\u00bb background_enable_image=\u00bboff\u00bb background_size=\u00bbcontain\u00bb background_position=\u00bbtop_left\u00bb custom_padding=\u00bb20px||0px||false|false\u00bb bottom_divider_color=\u00bb#e84f2e\u00bb bottom_divider_flip=\u00bbhorizontal\u00bb][et_pb_row use_custom_gutter=\u00bbon\u00bb gutter_width=\u00bb1&#8243; _builder_version=\u00bb4.4.7&#8243; custom_margin=\u00bb0px||||false|false\u00bb custom_padding=\u00bb0px||||false|false\u00bb][et_pb_column type=\u00bb4_4&#8243; _builder_version=\u00bb4.4.7&#8243; custom_padding=\u00bb0px||0px||false|false\u00bb][et_pb_text _builder_version=\u00bb4.6.6&#8243; text_font=\u00bb|600|||||||\u00bb text_text_color=\u00bb#e84f2e\u00bb text_font_size=\u00bb28px\u00bb text_letter_spacing=\u00bb1px\u00bb header_2_font=\u00bb|700|||||||\u00bb header_2_text_align=\u00bbleft\u00bb header_2_font_size=\u00bb18px\u00bb header_2_letter_spacing=\u00bb1px\u00bb header_2_line_height=\u00bb1.7em\u00bb text_orientation=\u00bbcenter\u00bb custom_margin=\u00bb0px||0px||false|false\u00bb custom_padding=\u00bb0px||0px||false|false\u00bb]<\/p>\n<h1 style=\"text-align: center;\"><strong>Trabaja con nosotros<\/strong><\/h1>\n<p><strong><\/strong><\/p>\n<p>[\/et_pb_text][et_pb_text _builder_version=\u00bb4.6.6&#8243; text_font=\u00bb|600|||||||\u00bb text_text_color=\u00bb#e84f2e\u00bb text_font_size=\u00bb28px\u00bb text_letter_spacing=\u00bb1px\u00bb header_2_font=\u00bb|700|||||||\u00bb header_2_text_align=\u00bbleft\u00bb header_2_font_size=\u00bb18px\u00bb header_2_letter_spacing=\u00bb1px\u00bb header_2_line_height=\u00bb1.7em\u00bb text_orientation=\u00bbcenter\u00bb custom_margin=\u00bb0px||0px||false|false\u00bb custom_padding=\u00bb0px||0px||false|false\u00bb]<\/p>\n<h2 style=\"text-align: center;\"><strong><\/strong><\/h2>\n<h2 style=\"text-align: center;\"><strong>INSTRUCTOR-A CANIN@<\/strong><\/h2>\n<p>[\/et_pb_text][et_pb_text _builder_version=\u00bb4.6.6&#8243; text_font=\u00bb|600|||||||\u00bb header_4_font=\u00bb|600|||||||\u00bb header_4_font_size=\u00bb20px\u00bb header_4_line_height=\u00bb1.7em\u00bb custom_margin=\u00bb||||false|false\u00bb]<\/p>\n<p>Buscamos personas con formaci\u00f3n en adiestramiento y etolog\u00eda canina y experiencia en trabajo con cachorros, interesadas en incorporarse a nuestro equipo al puesto de instructor-a canin@, trabajo a tiempo parcial.<\/p>\n<p><strong>Requisitos m\u00ednimos:<\/strong><\/p>\n<p>&#8211;\u00a0 Ingl\u00e9s fluido (no vamos a responder a candidaturas que no cumplen con este requisito)<\/p>\n<p>&#8211;\u00a0 Formaci\u00f3n en el \u00e1mbito de adiestramiento y etolog\u00eda canina, demostrable<\/p>\n<p>&#8211;\u00a0 M\u00ednimo de 3 a\u00f1os de experiencia en impartir clases particulares y grupales, demostrable<\/p>\n<p>&#8211;\u00a0 Residente en Barcelona o alrededores<\/p>\n<p><strong>Requisitos deseados:<\/strong><\/p>\n<p>&#8211;\u00a0 Certificaci\u00f3n ANACP o Generalitat de Catalunya<\/p>\n<p><strong>Si te interesa esta oferta,\u00a0 por favor env\u00edanos tu CV en Ingl\u00e9s a:<\/strong> <a href=\"mailto:info@caniscool.es\">info@caniscool.es<\/a><\/p>\n<p>&nbsp;<\/p>\n<p>[\/et_pb_text][et_pb_divider _builder_version=\u00bb4.6.6&#8243; _module_preset=\u00bbdefault\u00bb][\/et_pb_divider][et_pb_text _builder_version=\u00bb4.6.6&#8243; text_font=\u00bb|600|||||||\u00bb text_text_color=\u00bb#e84f2e\u00bb text_font_size=\u00bb28px\u00bb text_letter_spacing=\u00bb1px\u00bb header_2_font=\u00bb|700|||||||\u00bb header_2_text_align=\u00bbleft\u00bb header_2_font_size=\u00bb18px\u00bb header_2_letter_spacing=\u00bb1px\u00bb header_2_line_height=\u00bb1.7em\u00bb text_orientation=\u00bbcenter\u00bb custom_margin=\u00bb0px||0px||false|false\u00bb custom_padding=\u00bb0px||0px||false|false\u00bb]<\/p>\n<h2 style=\"text-align: center;\"><strong>AYUDANTE DE INSTRUCTOR-A CANIN@ EN PR\u00c1CTICAS<\/strong><\/h2>\n<p>[\/et_pb_text][et_pb_text _builder_version=\u00bb4.6.6&#8243; text_font=\u00bb|600|||||||\u00bb header_4_font=\u00bb|600|||||||\u00bb header_4_font_size=\u00bb20px\u00bb header_4_line_height=\u00bb1.7em\u00bb custom_margin=\u00bb||||false|false\u00bb]<\/p>\n<p>Buscamos personas con formaci\u00f3n en adiestramiento y etolog\u00eda canina interesadas en hacer pr\u00e1cticas en nuestra escuela,<\/p>\n<p>con posibilidad de incorporaci\u00f3n en el equipo en el puesto de ayudante de instructor-a.<\/p>\n<p><strong>Requisitos m\u00ednimos:<\/strong><\/p>\n<p>&#8211;\u00a0 Ingl\u00e9s fluido (no vamos a responder a\u00a0 candidaturas que no cumplen con este requisito)<\/p>\n<p>&#8211;\u00a0 Formaci\u00f3n en el \u00e1mbito de adiestramiento y etolog\u00eda canina demostrable<\/p>\n<p>&#8211;\u00a0 Residente en Barcelona o alrededores<\/p>\n<p><strong>Requisitos deseados:<\/strong><\/p>\n<p>&#8211;\u00a0 Certificaci\u00f3n ANACP o Generalitat de Catalunya<\/p>\n<p><strong>Si te interesa esta oferta,\u00a0 por favor env\u00edanos tu CV en Ingl\u00e9s a:<\/strong> <a href=\"mailto:info@caniscool.es\">info@caniscool.es<\/a><\/p>\n<p>&nbsp;<\/p>\n<p>&nbsp;<\/p>\n<p>&nbsp;<\/p>\n<p>[\/et_pb_text][\/et_pb_column][\/et_pb_row][\/et_pb_section]<\/p>\n<span class=\"et_bloom_bottom_trigger\"><\/span>","protected":false},"excerpt":{"rendered":"<p>Trabaja con nosotros\n<div class=\"wpml-ls-statics-shortcode_actions wpml-ls wpml-ls-legacy-list-horizontal\">\n\t<ul><li class=\"wpml-ls-slot-shortcode_actions wpml-ls-item wpml-ls-item-es wpml-ls-current-language wpml-ls-first-item wpml-ls-item-legacy-list-horizontal\">\n\t\t\t\t<a href=\"https:\/\/caniscool.es\/s\/es\/\" class=\"wpml-ls-link\">\n                                                        <img decoding=\"async\"\n            class=\"wpml-ls-flag\"\n            src=\"https:\/\/caniscool.es\/s\/wp-content\/plugins\/sitepress-multilingual-cms\/res\/flags\/es.png\"\n            alt=\"Espa\u00f1ol\"\n            width=18\n            height=12\n    \/><\/a>\n\t\t\t<\/li><li class=\"wpml-ls-slot-shortcode_actions wpml-ls-item wpml-ls-item-en wpml-ls-last-item wpml-ls-item-legacy-list-horizontal\">\n\t\t\t\t<a href=\"https:\/\/caniscool.es\/s\/en\/\" class=\"wpml-ls-link\">\n                                                        <img decoding=\"async\"\n            class=\"wpml-ls-flag\"\n            src=\"https:\/\/caniscool.es\/s\/wp-content\/plugins\/sitepress-multilingual-cms\/res\/flags\/en.png\"\n            alt=\"Ingl\u00e9s\"\n            width=18\n            height=12\n    \/><\/a>\n\t\t\t<\/li><\/ul>\n<\/div>\nINSTRUCTOR-A CANIN@Buscamos personas con formaci\u00f3n en adiestramiento y etolog\u00eda canina y experiencia en trabajo con cachorros, interesadas en incorporarse al nuestro equipo al puesto de instructor-a canino@, trabajo a tiempo parcial. Requisitos m\u00ednimos: &#8211;\u00a0 Ingl\u00e9s fluido (no vamos a responder a candidaturas que no cumplen con este requisito) &#8211;\u00a0 Formaci\u00f3n en el \u00e1mbito [&hellip;]<\/p>\n","protected":false},"author":1,"featured_media":0,"parent":0,"menu_order":0,"comment_status":"closed","ping_status":"closed","template":"","meta":{"_et_pb_use_builder":"on","_et_pb_old_content":"","_et_gb_content_width":"","om_disable_all_campaigns":false,"footnotes":""},"class_list":["post-9412","page","type-page","status-publish","hentry"],"aioseo_notices":[],"_links":{"self":[{"href":"https:\/\/caniscool.es\/s\/es\/wp-json\/wp\/v2\/pages\/9412","targetHints":{"allow":["GET"]}}],"collection":[{"href":"https:\/\/caniscool.es\/s\/es\/wp-json\/wp\/v2\/pages"}],"about":[{"href":"https:\/\/caniscool.es\/s\/es\/wp-json\/wp\/v2\/types\/page"}],"author":[{"embeddable":true,"href":"https:\/\/caniscool.es\/s\/es\/wp-json\/wp\/v2\/users\/1"}],"replies":[{"embeddable":true,"href":"https:\/\/caniscool.es\/s\/es\/wp-json\/wp\/v2\/comments?post=9412"}],"version-history":[{"count":17,"href":"https:\/\/caniscool.es\/s\/es\/wp-json\/wp\/v2\/pages\/9412\/revisions"}],"predecessor-version":[{"id":13138,"href":"https:\/\/caniscool.es\/s\/es\/wp-json\/wp\/v2\/pages\/9412\/revisions\/13138"}],"wp:attachment":[{"href":"https:\/\/caniscool.es\/s\/es\/wp-json\/wp\/v2\/media?parent=9412"}],"curies":[{"name":"wp","href":"https:\/\/api.w.org\/{rel}","templated":true}]}}