{"id":8290,"date":"2020-09-08T18:14:20","date_gmt":"2020-09-08T16:14:20","guid":{"rendered":"https:\/\/caniscool.es\/s\/?page_id=8290"},"modified":"2022-04-21T13:20:14","modified_gmt":"2022-04-21T11:20:14","slug":"sesion-diagnostica","status":"publish","type":"page","link":"https:\/\/caniscool.es\/s\/es\/curso\/sesion-diagnostica\/","title":{"rendered":"Sesi\u00f3n Diagn\u00f3stica"},"content":{"rendered":"<p>[et_pb_section fb_built=\u00bb1&#8243; disabled_on=\u00bbon|off|off\u00bb _builder_version=\u00bb4.4.7&#8243;][et_pb_row _builder_version=\u00bb4.4.7&#8243;][et_pb_column type=\u00bb4_4&#8243; _builder_version=\u00bb4.4.7&#8243;][et_pb_image src=\u00bbhttps:\/\/caniscool.es\/s\/wp-content\/uploads\/2020\/07\/Logo-Taronja_Calendly.png\u00bb alt=\u00bbCaniscool Sesion Diagn\u00f3stica\u00bb title_text=\u00bbCaniscool Sesion Diagn\u00f3stica\u00bb align=\u00bbcenter\u00bb _builder_version=\u00bb4.4.7&#8243; width=\u00bb20%\u00bb module_alignment=\u00bbcenter\u00bb][\/et_pb_image][\/et_pb_column][\/et_pb_row][et_pb_row _builder_version=\u00bb4.4.7&#8243;][et_pb_column type=\u00bb4_4&#8243; _builder_version=\u00bb4.4.7&#8243;][et_pb_text _builder_version=\u00bb4.4.7&#8243; header_2_font=\u00bb|700|||||||\u00bb header_2_font_size=\u00bb40px\u00bb header_2_line_height=\u00bb1.5em\u00bb text_orientation=\u00bbcenter\u00bb]<\/p>\n<h2>Reserva tu videollamada ahora<\/h2>\n<p>[\/et_pb_text][\/et_pb_column][\/et_pb_row][et_pb_row _builder_version=\u00bb4.4.7&#8243;][et_pb_column type=\u00bb4_4&#8243; _builder_version=\u00bb4.4.7&#8243;][et_pb_text _builder_version=\u00bb4.6.6&#8243; text_font_size=\u00bb20px\u00bb text_line_height=\u00bb2em\u00bb text_orientation=\u00bbcenter\u00bb hover_enabled=\u00bb0&#8243; sticky_enabled=\u00bb0&#8243;]<\/p>\n<p>En esta sesi\u00f3n analizaremos tu situaci\u00f3n, detectaremos las dificultades en la relaci\u00f3n con tu cachorro y te ayudaremos a tener m\u00e1s claridad en los pr\u00f3ximos pasos.<br \/> <strong>Es muy importante que en la sesi\u00f3n est\u00e9n presentes todas las personas adultas responsables del cachorro.<\/strong><\/p>\n<p>[\/et_pb_text][\/et_pb_column][\/et_pb_row][et_pb_row _builder_version=\u00bb4.4.7&#8243;][et_pb_column type=\u00bb4_4&#8243; _builder_version=\u00bb4.4.7&#8243;][et_pb_text _builder_version=\u00bb4.6.6&#8243;]<!-- Principio del widget integrado de Calendly --><\/p>\n<div class=\"calendly-inline-widget\" data-url=\"https:\/\/calendly.com\/caniscool\/sesion-diagnostica-adwords?primary_color=e84e0e\" style=\"min-width:320px;height:630px;\"><\/div>\n<p><script type=\"text\/javascript\" src=\"https:\/\/assets.calendly.com\/assets\/external\/widget.js\"><\/script><br \/>\n<!-- Final del widget integrado de Calendly -->[\/et_pb_text][\/et_pb_column][\/et_pb_row][\/et_pb_section][et_pb_section fb_built=\u00bb1&#8243; disabled_on=\u00bboff|on|on\u00bb _builder_version=\u00bb4.4.7&#8243; custom_margin=\u00bb0px||0px||false|false\u00bb custom_padding=\u00bb0px||0px||false|false\u00bb][et_pb_row _builder_version=\u00bb4.4.7&#8243;][et_pb_column type=\u00bb4_4&#8243; _builder_version=\u00bb4.4.7&#8243;][et_pb_image src=\u00bbhttps:\/\/caniscool.es\/s\/wp-content\/uploads\/2020\/07\/Logo-Taronja_Calendly.png\u00bb alt=\u00bbCaniscool Sesion Diagn\u00f3stica\u00bb title_text=\u00bbCaniscool Sesion Diagn\u00f3stica\u00bb align=\u00bbcenter\u00bb _builder_version=\u00bb4.4.7&#8243; width=\u00bb20%\u00bb module_alignment=\u00bbcenter\u00bb][\/et_pb_image][\/et_pb_column][\/et_pb_row][et_pb_row _builder_version=\u00bb4.4.7&#8243; custom_margin=\u00bb0px||0px||false|false\u00bb custom_padding=\u00bb0px||0px||false|false\u00bb][et_pb_column type=\u00bb4_4&#8243; _builder_version=\u00bb4.4.7&#8243;][et_pb_text _builder_version=\u00bb4.6.6&#8243; header_2_font=\u00bb|700|||||||\u00bb header_2_font_size=\u00bb30px\u00bb text_orientation=\u00bbcenter\u00bb custom_margin=\u00bb0px||0px||false|false\u00bb custom_padding=\u00bb0px||0px||false|false\u00bb hover_enabled=\u00bb0&#8243; sticky_enabled=\u00bb0&#8243;]<\/p>\n<h2>Reserva tu videollamada gratuita<\/h2>\n<p>[\/et_pb_text][\/et_pb_column][\/et_pb_row][et_pb_row _builder_version=\u00bb4.4.7&#8243; custom_margin=\u00bb0px||0px||false|false\u00bb custom_padding=\u00bb0px||0px||false|false\u00bb][et_pb_column type=\u00bb4_4&#8243; _builder_version=\u00bb4.4.7&#8243;][et_pb_text _builder_version=\u00bb4.6.6&#8243; text_orientation=\u00bbcenter\u00bb hover_enabled=\u00bb0&#8243; sticky_enabled=\u00bb0&#8243;]En esta sesi\u00f3n analizaremos tu situaci\u00f3n, detectaremos las dificultades en la relaci\u00f3n con tu cachorro y te ayudaremos a tener m\u00e1s claridad en los pr\u00f3ximos pasos.<br \/>\n<strong>Es muy importante que en la sesi\u00f3n est\u00e9n presentes todas las personas adultas responsables del cachorro.<\/strong>ida.[\/et_pb_text][\/et_pb_column][\/et_pb_row][et_pb_row _builder_version=\u00bb4.4.7&#8243;][et_pb_column type=\u00bb4_4&#8243; _builder_version=\u00bb4.4.7&#8243;][et_pb_text _builder_version=\u00bb4.6.6&#8243; header_text_align=\u00bbcenter\u00bb header_2_text_align=\u00bbcenter\u00bb text_orientation=\u00bbcenter\u00bb]<!-- Principio del widget integrado de Calendly --><\/p>\n<div class=\"calendly-inline-widget\" data-url=\"https:\/\/calendly.com\/caniscool\/sesion-diagnostica-adwords?primary_color=e84e0e\" style=\"min-width:320px;height:630px;\"><\/div>\n<p><script type=\"text\/javascript\" src=\"https:\/\/assets.calendly.com\/assets\/external\/widget.js\"><\/script><br \/>\n<!-- Final del widget integrado de Calendly -->[\/et_pb_text][\/et_pb_column][\/et_pb_row][\/et_pb_section][et_pb_section fb_built=\u00bb1&#8243; disabled_on=\u00bboff|off|off\u00bb module_class=\u00bbfb-tracking-code\u00bb _builder_version=\u00bb4.6.6&#8243; _module_preset=\u00bbdefault\u00bb][et_pb_row _builder_version=\u00bb4.6.6&#8243; _module_preset=\u00bbdefault\u00bb][et_pb_column type=\u00bb4_4&#8243; _builder_version=\u00bb4.6.6&#8243; _module_preset=\u00bbdefault\u00bb][et_pb_code _builder_version=\u00bb4.6.6&#8243; _module_preset=\u00bbdefault\u00bb]<script type='text\/javascript'>\n        fbq('trackCustom', 'CursoCachorros_Reserva_Open', {event_id: '69d144841cff27.88607436'});\n\n      jQuery(function($) {\n        setTimeout(function(){\n            jQuery.ajax({\n                type: 'POST',\n                url: 'https:\/\/caniscool.es\/s\/wp-content\/themes\/Divi-child\/fb-api.php',\n                        data: 'current_url=https%3A%2F%2Fcaniscool.es%2Fs%2Fes%2Fwp-json%2Fwp%2Fv2%2Fpages%2F8290%2F&eventId=69d144841cff27.88607436&event_name=CursoCachorros_Reserva_Open'\n                })\n                .done(function(data) {\n                })\n                .success(function(data) {\n                })\n                .fail(function(data) {\n                });\n            });\n         }, 300);\n      <\/script>[\/et_pb_code][\/et_pb_column][\/et_pb_row][\/et_pb_section]<\/p>\n<span class=\"et_bloom_bottom_trigger\"><\/span>","protected":false},"excerpt":{"rendered":"<p>Reserva tu videollamada ahoraEn esta sesi\u00f3n analizaremos tu situaci\u00f3n, detectaremos las dificultades en la relaci\u00f3n con tu cachorro y te ayudaremos a tener m\u00e1s claridad en los pr\u00f3ximos pasos. Es muy importante que en la sesi\u00f3n est\u00e9n presentes todas las personas adultas responsables del cachorro. Reserva tu videollamada gratuita En esta sesi\u00f3n analizaremos tu situaci\u00f3n, [&hellip;]<\/p>\n","protected":false},"author":1,"featured_media":0,"parent":9051,"menu_order":200,"comment_status":"closed","ping_status":"closed","template":"page-template-blank.php","meta":{"_et_pb_use_builder":"on","_et_pb_old_content":"","_et_gb_content_width":"","om_disable_all_campaigns":false,"footnotes":""},"class_list":["post-8290","page","type-page","status-publish","hentry"],"aioseo_notices":[],"_links":{"self":[{"href":"https:\/\/caniscool.es\/s\/es\/wp-json\/wp\/v2\/pages\/8290","targetHints":{"allow":["GET"]}}],"collection":[{"href":"https:\/\/caniscool.es\/s\/es\/wp-json\/wp\/v2\/pages"}],"about":[{"href":"https:\/\/caniscool.es\/s\/es\/wp-json\/wp\/v2\/types\/page"}],"author":[{"embeddable":true,"href":"https:\/\/caniscool.es\/s\/es\/wp-json\/wp\/v2\/users\/1"}],"replies":[{"embeddable":true,"href":"https:\/\/caniscool.es\/s\/es\/wp-json\/wp\/v2\/comments?post=8290"}],"version-history":[{"count":15,"href":"https:\/\/caniscool.es\/s\/es\/wp-json\/wp\/v2\/pages\/8290\/revisions"}],"predecessor-version":[{"id":14701,"href":"https:\/\/caniscool.es\/s\/es\/wp-json\/wp\/v2\/pages\/8290\/revisions\/14701"}],"up":[{"embeddable":true,"href":"https:\/\/caniscool.es\/s\/es\/wp-json\/wp\/v2\/pages\/9051"}],"wp:attachment":[{"href":"https:\/\/caniscool.es\/s\/es\/wp-json\/wp\/v2\/media?parent=8290"}],"curies":[{"name":"wp","href":"https:\/\/api.w.org\/{rel}","templated":true}]}}