{"id":6431,"date":"2020-07-25T11:25:59","date_gmt":"2020-07-25T09:25:59","guid":{"rendered":"https:\/\/caniscool.es\/s\/?page_id=6431"},"modified":"2021-10-29T13:48:34","modified_gmt":"2021-10-29T11:48:34","slug":"sesion-diagnostica-para-perros","status":"publish","type":"page","link":"https:\/\/caniscool.es\/s\/es\/sesion-diagnostica-para-perros\/","title":{"rendered":"Sesi\u00f3n Diagn\u00f3stica para perros"},"content":{"rendered":"<p>[et_pb_section fb_built=\u00bb1&#8243; disabled_on=\u00bbon|off|off\u00bb _builder_version=\u00bb4.4.7&#8243;][et_pb_row _builder_version=\u00bb4.4.7&#8243;][et_pb_column type=\u00bb4_4&#8243; _builder_version=\u00bb4.4.7&#8243;][et_pb_image src=\u00bbhttps:\/\/caniscool.es\/s\/wp-content\/uploads\/2020\/07\/Logo-Taronja_Calendly.png\u00bb alt=\u00bbCaniscool Sesion Diagn\u00f3stica\u00bb title_text=\u00bbCaniscool Sesion Diagn\u00f3stica\u00bb align=\u00bbcenter\u00bb _builder_version=\u00bb4.4.7&#8243; width=\u00bb20%\u00bb module_alignment=\u00bbcenter\u00bb][\/et_pb_image][\/et_pb_column][\/et_pb_row][et_pb_row _builder_version=\u00bb4.4.7&#8243;][et_pb_column type=\u00bb4_4&#8243; _builder_version=\u00bb4.4.7&#8243;][et_pb_text _builder_version=\u00bb4.4.7&#8243; header_2_font=\u00bb|700|||||||\u00bb header_2_font_size=\u00bb40px\u00bb header_2_line_height=\u00bb1.5em\u00bb text_orientation=\u00bbcenter\u00bb]<\/p>\n<h2>Reserva tu llamada ahora<\/h2>\n<p>[\/et_pb_text][\/et_pb_column][\/et_pb_row][et_pb_row _builder_version=\u00bb4.4.7&#8243;][et_pb_column type=\u00bb4_4&#8243; _builder_version=\u00bb4.4.7&#8243;][et_pb_text _builder_version=\u00bb4.4.7&#8243; text_font_size=\u00bb20px\u00bb text_line_height=\u00bb2em\u00bb text_orientation=\u00bbcenter\u00bb hover_enabled=\u00bb0&#8243; sticky_enabled=\u00bb0&#8243;]<\/p>\n<p>Accede al calendario de abajo y elige hora para tu llamada diagn\u00f3stica gratuita.<br \/> En esta sesi\u00f3n analizaremos vuestra situaci\u00f3n actual, detectaremos las posibles dificultades<br \/> en la relaci\u00f3n con tu cachorro y te ayudaremos a tener m\u00e1s claridad en los pr\u00f3ximos pasos.<\/p>\n<p>Haz click en confirmar.<br \/> Recibir\u00e1s un email de confirmaci\u00f3n y nuestra llamada en la hora convenida.<\/p>\n<p>[\/et_pb_text][\/et_pb_column][\/et_pb_row][et_pb_row _builder_version=\u00bb4.4.7&#8243;][et_pb_column type=\u00bb4_4&#8243; _builder_version=\u00bb4.4.7&#8243;][et_pb_text _builder_version=\u00bb4.4.7&#8243; text_orientation=\u00bbcenter\u00bb hover_enabled=\u00bb0&#8243; sticky_enabled=\u00bb0&#8243;]<!-- Principio del widget integrado de Calendly --><\/p>\n<div class=\"calendly-inline-widget\" data-url=\"https:\/\/calendly.com\/caniscool\/sesion-diagnostica-de-45-minutos-clon?primary_color=f58504\" style=\"min-width:320px;height:630px;\"><\/div>\n<p><script type=\"text\/javascript\" src=\"https:\/\/assets.calendly.com\/assets\/external\/widget.js\"><\/script><br \/>\n<!-- Final del widget integrado de Calendly -->[\/et_pb_text][\/et_pb_column][\/et_pb_row][\/et_pb_section][et_pb_section fb_built=\u00bb1&#8243; disabled_on=\u00bboff|on|on\u00bb _builder_version=\u00bb4.4.7&#8243; custom_margin=\u00bb0px||0px||false|false\u00bb custom_padding=\u00bb0px||0px||false|false\u00bb][et_pb_row _builder_version=\u00bb4.4.7&#8243;][et_pb_column type=\u00bb4_4&#8243; _builder_version=\u00bb4.4.7&#8243;][et_pb_image src=\u00bbhttps:\/\/caniscool.es\/s\/wp-content\/uploads\/2020\/07\/Logo-Taronja_Calendly.png\u00bb alt=\u00bbCaniscool Sesion Diagn\u00f3stica\u00bb title_text=\u00bbCaniscool Sesion Diagn\u00f3stica\u00bb align=\u00bbcenter\u00bb _builder_version=\u00bb4.4.7&#8243; width=\u00bb20%\u00bb module_alignment=\u00bbcenter\u00bb][\/et_pb_image][\/et_pb_column][\/et_pb_row][et_pb_row _builder_version=\u00bb4.4.7&#8243; custom_margin=\u00bb0px||0px||false|false\u00bb custom_padding=\u00bb0px||0px||false|false\u00bb][et_pb_column type=\u00bb4_4&#8243; _builder_version=\u00bb4.4.7&#8243;][et_pb_text _builder_version=\u00bb4.4.7&#8243; header_2_font=\u00bb|700|||||||\u00bb header_2_font_size=\u00bb30px\u00bb text_orientation=\u00bbcenter\u00bb custom_margin=\u00bb0px||0px||false|false\u00bb custom_padding=\u00bb0px||0px||false|false\u00bb]<\/p>\n<h2>Reserva tu llamada ahora<\/h2>\n<p>[\/et_pb_text][\/et_pb_column][\/et_pb_row][et_pb_row _builder_version=\u00bb4.4.7&#8243; custom_margin=\u00bb0px||0px||false|false\u00bb custom_padding=\u00bb0px||0px||false|false\u00bb][et_pb_column type=\u00bb4_4&#8243; _builder_version=\u00bb4.4.7&#8243;][et_pb_text _builder_version=\u00bb4.4.7&#8243; text_orientation=\u00bbcenter\u00bb]<\/p>\n<p>Accede al calendario de abajo y elige hora para tu llamada diagn\u00f3stica gratuita.<br \/> En esta sesi\u00f3n analizaremos vuestra situaci\u00f3n actual, detectaremos las posibles dificultades<br \/> en la relaci\u00f3n con tu cachorro y te ayudaremos a tener m\u00e1s claridad en los pr\u00f3ximos pasos.<\/p>\n<p>Haz click en confirmar.<br \/> Recibir\u00e1s un email de confirmaci\u00f3n y nuestra llamada en la hora convenida.<\/p>\n<p>[\/et_pb_text][\/et_pb_column][\/et_pb_row][et_pb_row _builder_version=\u00bb4.4.7&#8243;][et_pb_column type=\u00bb4_4&#8243; _builder_version=\u00bb4.4.7&#8243;][et_pb_text _builder_version=\u00bb4.4.7&#8243; header_text_align=\u00bbcenter\u00bb header_2_text_align=\u00bbcenter\u00bb text_orientation=\u00bbcenter\u00bb]<!-- Principio del widget integrado de Calendly --><\/p>\n<div class=\"calendly-inline-widget\" data-url=\"https:\/\/calendly.com\/caniscool\/sesion-diagnostica-de-45-minutos-clon?primary_color=f58504\" style=\"min-width:320px;height:630px;\"><\/div>\n<p><script type=\"text\/javascript\" src=\"https:\/\/assets.calendly.com\/assets\/external\/widget.js\"><\/script><br \/>\n<!-- Final del widget integrado de Calendly -->[\/et_pb_text][\/et_pb_column][\/et_pb_row][\/et_pb_section]<\/p>\n<span class=\"et_bloom_bottom_trigger\"><\/span>","protected":false},"excerpt":{"rendered":"<p>Reserva tu llamada ahoraAccede al calendario de abajo y elige hora para tu llamada diagn\u00f3stica gratuita. En esta sesi\u00f3n analizaremos vuestra situaci\u00f3n actual, detectaremos las posibles dificultades en la relaci\u00f3n con tu cachorro y te ayudaremos a tener m\u00e1s claridad en los pr\u00f3ximos pasos. Haz click en confirmar. Recibir\u00e1s un email de confirmaci\u00f3n y nuestra [&hellip;]<\/p>\n","protected":false},"author":1,"featured_media":0,"parent":0,"menu_order":20000,"comment_status":"closed","ping_status":"closed","template":"page-template-blank.php","meta":{"_et_pb_use_builder":"on","_et_pb_old_content":"","_et_gb_content_width":"","om_disable_all_campaigns":false,"footnotes":""},"class_list":["post-6431","page","type-page","status-publish","hentry"],"aioseo_notices":[],"_links":{"self":[{"href":"https:\/\/caniscool.es\/s\/es\/wp-json\/wp\/v2\/pages\/6431","targetHints":{"allow":["GET"]}}],"collection":[{"href":"https:\/\/caniscool.es\/s\/es\/wp-json\/wp\/v2\/pages"}],"about":[{"href":"https:\/\/caniscool.es\/s\/es\/wp-json\/wp\/v2\/types\/page"}],"author":[{"embeddable":true,"href":"https:\/\/caniscool.es\/s\/es\/wp-json\/wp\/v2\/users\/1"}],"replies":[{"embeddable":true,"href":"https:\/\/caniscool.es\/s\/es\/wp-json\/wp\/v2\/comments?post=6431"}],"version-history":[{"count":9,"href":"https:\/\/caniscool.es\/s\/es\/wp-json\/wp\/v2\/pages\/6431\/revisions"}],"predecessor-version":[{"id":12567,"href":"https:\/\/caniscool.es\/s\/es\/wp-json\/wp\/v2\/pages\/6431\/revisions\/12567"}],"wp:attachment":[{"href":"https:\/\/caniscool.es\/s\/es\/wp-json\/wp\/v2\/media?parent=6431"}],"curies":[{"name":"wp","href":"https:\/\/api.w.org\/{rel}","templated":true}]}}