{"id":3,"date":"2020-05-26T13:52:11","date_gmt":"2020-05-26T11:52:11","guid":{"rendered":"https:\/\/caniscool.es\/s\/?page_id=3"},"modified":"2021-11-15T17:32:16","modified_gmt":"2021-11-15T15:32:16","slug":"politica-de-privacidad","status":"publish","type":"page","link":"https:\/\/caniscool.es\/s\/es\/politica-de-privacidad\/","title":{"rendered":"Pol\u00edtica de privacidad"},"content":{"rendered":"<p>[et_pb_section fb_built=\u00bb1&#8243; _builder_version=\u00bb4.4.7&#8243; custom_margin=\u00bb0px||0px||false|false\u00bb custom_padding=\u00bb0px||0px||false|false\u00bb][et_pb_row disabled_on=\u00bbon|off|off\u00bb _builder_version=\u00bb4.4.7&#8243; background_enable_image=\u00bboff\u00bb width=\u00bb100%\u00bb max_width=\u00bb100%\u00bb custom_margin=\u00bb0px||||false|false\u00bb custom_padding=\u00bb50px||||false|false\u00bb][et_pb_column type=\u00bb4_4&#8243; _builder_version=\u00bb4.4.7&#8243;][et_pb_text _builder_version=\u00bb4.6.6&#8243; header_2_font=\u00bb|700|||||||\u00bb header_2_text_align=\u00bbcenter\u00bb header_2_font_size=\u00bb4.2vw\u00bb header_2_line_height=\u00bb1.5em\u00bb hover_enabled=\u00bb0&#8243; sticky_enabled=\u00bb0&#8243;]<\/p>\n<h2>Pol\u00edtica de privacidad\u00a0<\/h2>\n<p>[\/et_pb_text][\/et_pb_column][\/et_pb_row][et_pb_row _builder_version=\u00bb3.25&#8243; background_size=\u00bbinitial\u00bb background_position=\u00bbtop_left\u00bb background_repeat=\u00bbrepeat\u00bb][et_pb_column type=\u00bb4_4&#8243; _builder_version=\u00bb3.25&#8243; custom_padding=\u00bb|||\u00bb custom_padding__hover=\u00bb|||\u00bb][et_pb_text _builder_version=\u00bb4.6.6&#8243; background_size=\u00bbinitial\u00bb background_position=\u00bbtop_left\u00bb background_repeat=\u00bbrepeat\u00bb hover_enabled=\u00bb0&#8243; sticky_enabled=\u00bb0&#8243;]Can is Cool Centro Canino representado por Zofia Stanecka es una empresa en la que la transparencia en la informaci\u00f3n es fundamental para establecer una relaci\u00f3n de confianza con las personas que forman nuestro proyecto y con nuestros proveedores y clientes, siendo la protecci\u00f3n de los datos personales de<br \/>\nlas personas que conf\u00edan en nosotros de vital importancia, por lo que queremos mediante la presente Pol\u00edtica de privacidad y protecci\u00f3n de datos personales, informarte de c\u00f3mo recabamos y c\u00f3mo tratamos o utilizamos dichos datos.<br \/>\nEn esta pol\u00edtica de privacidad y protecci\u00f3n de datos personales se establecen las bases sobre las que Zofia Stanecka, con domicilio en C\/Montserrat de Casanovas 53, 08032, Barcelona, trata los datos de car\u00e1cter personal que voluntariamente nos facilitan nuestros usuarios a trav\u00e9s de la p\u00e1gina web.<br \/>\nEsta Pol\u00edtica siempre ser\u00e1 aplicable cuando se faciliten datos a Zofia Stanecka, el cual ser\u00e1 responsable de sus datos (Responsable del Tratamiento de los Datos), y a trav\u00e9s de cualquiera de los formularios de contacto o suscripci\u00f3n donde se recojan datos de car\u00e1cter personal (nombre, email, etc.).[\/et_pb_text][et_pb_text _builder_version=\u00bb4.6.6&#8243; background_size=\u00bbinitial\u00bb background_position=\u00bbtop_left\u00bb background_repeat=\u00bbrepeat\u00bb hover_enabled=\u00bb0&#8243; sticky_enabled=\u00bb0&#8243;]<\/p>\n<h3>\u00a0 A QU\u00c9 NOS COMPROMETEMOS<\/h3>\n<ul>\n<li>A respetar la privacidad de nuestros usuarios y tratar los datos personales con el consentimiento de los mismos.<\/li>\n<li>A tratar los datos personales que estrictamente necesitemos para dar el servicio solicitado, y tratarlos de forma segura y confidencial, tomando las medidas necesarias para evitar el acceso no autorizado y el uso indebido de los mismos.<\/li>\n<li>A no utilizar los datos personales para finalidades para las que no hemos obtenido previamente el consentimiento.<\/li>\n<li>A no dar los datos personales a terceros ni compartirlos.<\/li>\n<li>A conservar los datos personales durante el tiempo estrictamente necesario para la finalidad concreta para la que han sido proporcionados.<br \/>\n<h3>QU\u00c9 DATOS PERSONALES UTILIZAMOS<\/h3>\n<p>A trav\u00e9s de nuestra p\u00e1gina web podemos recabar datos personales para diferentes finalidades:<\/p>\n<\/li>\n<li>Solicitud de informaci\u00f3n por parte del usuario<br \/> Dependiendo de la finalidad para la que se aportan los datos, ser\u00e1n requeridos los datos estrictamente necesarios.Es importante que el usuario sea consciente de los datos que aporta y la finalidad para la que lo hace porque en el momento que los facilita, est\u00e1 aceptando que recopilemos, almacenemos y usemos dichos datos para la finalidad requerida, pudiendo en cualquier momento retirar el consentimiento prestado por los cauces oportunos siendo el consentimiento del interesado la base legal y legitimaci\u00f3n para el tratamiento de sus datos personales.<br \/>\n<h3>EXACTITUD Y VERACIDAD DE LOS DATOS<\/h3>\n<p>El usuario, al aportar los datos requeridos en los formularios es el \u00fanico responsable de la veracidad de los datos remitidos, garantizando y respondiendo de la exactitud, vigencia y autenticidad de los datos personales facilitados, comprometi\u00e9ndose a mantenerlos debidamente actualizados.<\/p>\n<h3>QU\u00c9 DERECHOS TIENE SOBRE LOS DATOS PERSONALES APORTADOS<\/h3>\n<p>Una vez aportados los datos personales tendr\u00e1 derecho a:<\/p>\n<\/li>\n<li>consultar cualquier duda y a que se le informe de c\u00f3mo usamos los datos y a obtener ACCESO a<br \/> los mismos.<\/li>\n<li>que se RECTIFIQUE o borre su informaci\u00f3n o a imponer LIMITACIONES en el tratamiento de la misma.<\/li>\n<li>CANCELACI\u00d3N de los datos.<\/li>\n<li>OPONERSE al tratamiento de sus datos.<\/li>\n<li>PORTABILIDAD de los datos.<br \/> En cualquier momento, podr\u00e1 ejercitar estos Derechos, mediante un escrito y acreditando su personalidad dirigido a Zofia Stanecka, en C\/Montserrat de Casanovas 53, 08032, Barcelona, o a trav\u00e9s de la direcci\u00f3n de correo electr\u00f3nico: caniscool@caniscool.es.Adem\u00e1s, podr\u00e1 presentar una reclamaci\u00f3n ante la autoridad de control, en este caso, la Agencia Espa\u00f1ola de Protecci\u00f3n de Datos, si considera que el tratamiento de datos personales infringe la legislaci\u00f3n aplicable.<br \/>\n<h3>SEGURIDAD Y ALMACENAMIENTO DE LOS DATOS<\/h3>\n<p>Mantendremos los datos durante el tiempo estrictamente necesario para la prestaci\u00f3n del servicio solicitado y mientras el titular no solicite su eliminaci\u00f3n, adoptando las medidas adecuadas de car\u00e1cter t\u00e9cnico y organizativo contra el tratamiento no autorizado o il\u00edcito y contra su p\u00e9rdida, destrucci\u00f3n o da\u00f1o accidentales, haciendo todo lo posible por protegerlos y mantenerlos de forma segura.<\/p>\n<h3>QU\u00c9 DATOS PERSONALES COMPARTIMOS CON TERCEROS<\/h3>\n<p>No se prev\u00e9n cesiones de datos salvo en aquellos casos en que exista una obligaci\u00f3n legal. No hay previsi\u00f3n de transferencias de datos internacionales.<\/p>\n<h3>AVISO LEGAL LSSI \u2013 CE<\/h3>\n<p>En cumplimiento de la Ley 34\/2002, de 11 de julio, de Servicios de la Sociedad de la Informaci\u00f3n y de Comercio Electr\u00f3nico (LSSI-CE), la entidad Zofia Stanecka le informa que es titular del sitio web. De acuerdo con la exigencia del art\u00edculo 10 de la citada Ley, informa de los siguientes datos:<br \/> El titular de este sitio web es: Zofia Stanecka NIF: X9245726W Domicilio social: C\/Montserrat de Casanovas 53, 08032, Barcelona<\/p>\n<h3>USUARIOS<\/h3>\n<p>El acceso y\/o uso de este portal le atribuye la condici\u00f3n de USUARIO, que acepta, desde dicho acceso y\/o uso, las Condiciones Generales de Uso aqu\u00ed reflejadas. Las citadas Condiciones ser\u00e1n de aplicaci\u00f3n independientemente de las Condiciones Generales de Contrataci\u00f3n que en su caso resulten de obligado cumplimiento.<\/p>\n<h3>USO DEL PORTAL<\/h3>\n<p>La p\u00e1gina web proporciona el acceso a multitud de informaciones, servicios, programas o datos (en adelante, \u201clos contenidos\u201d) en Internet pertenecientes a Zofia Stanecka o a sus licenciantes a los que el USUARIO pueda tener acceso. El USUARIO asume la responsabilidad del uso del portal. Dicha responsabilidad se extiende al registro que fuese necesario para acceder a determinados servicios o contenidos.<br \/> En dicho registro el USUARIO ser\u00e1 responsable de aportar informaci\u00f3n veraz y l\u00edcita. Como consecuencia de este registro, al USUARIO se le puede proporcionar una contrase\u00f1a de la que ser\u00e1 responsable, comprometi\u00e9ndose a hacer un uso diligente y confidencial de la misma. El USUARIO se compromete a hacer un uso adecuado de los contenidos y servicios que Zofia Stanecka ofrece a trav\u00e9s de su portal y con car\u00e1cter enunciativo pero no limitativo, a no emplearlos para:<br \/> (i) incurrir en actividades il\u00edcitas, ilegales o contrarias a la buena fe y al orden p\u00fablico<br \/> (ii) difundir contenidos o propaganda de car\u00e1cter racista, xen\u00f3fobo, pornogr\u00e1fico-ilegal, de apolog\u00eda del terrorismo o atentatorio contra los derechos humanos<br \/> (iii) provocar da\u00f1os en los sistemas f\u00edsicos y l\u00f3gicos de Zofia Stanecka, de sus proveedores o de terceras personas, introducir o difundir en la red virus inform\u00e1ticos o cualesquiera otros sistemas f\u00edsicos o l\u00f3gicos que sean susceptibles de provocar los da\u00f1os anteriormente mencionados;<br \/> (iv) intentar acceder y, en su caso, utilizar las cuentas de correo electr\u00f3nico de otros usuarios y modificar manipular sus mensajes. Zofia Stanecka se reserva el derecho de retirar todos aquellos comentarios y aportaciones que vulneren el respeto a la dignidad de la persona, que sean discriminatorios, xen\u00f3fobos, racistas, pornogr\u00e1ficos, que atenten contra la juventud o la infancia, el orden o la seguridad p\u00fablica o que, a su juicio, no resultaran adecuados para su publicaci\u00f3n. En cualquier caso, Zofia Stanecka no ser\u00e1 responsable de las opiniones vertidas por los usuarios a trav\u00e9s de los foros, chats, u otras herramientas de participaci\u00f3n.<\/p>\n<h3>PROPIEDAD INTELECTUAL E INDUSTRIAL<\/h3>\n<p>Zofia Stanecka ser\u00e1 titular de todos los derechos de propiedad intelectual e industrial de su p\u00e1gina web, as\u00ed como de los elementos contenidos en la misma (a t\u00edtulo enunciativo, im\u00e1genes, sonido, audio, v\u00eddeo, software o textos; marcas o logotipos, combinaciones de colores,<br \/> estructura y dise\u00f1o, selecci\u00f3n de materiales usados, programas de ordenador necesarios para su funcionamiento, acceso y uso, etc.)..<br \/> Todos los derechos reservados. En virtud de lo dispuesto en los art\u00edculos 8 y 32.1, p\u00e1rrafo segundo, de la Ley de Propiedad Intelectual, quedan expresamente prohibidas la reproducci\u00f3n, la distribuci\u00f3n y la comunicaci\u00f3n p\u00fablica, incluida su modalidad de puesta a disposici\u00f3n, de la totalidad o parte de los contenidos de esta p\u00e1gina web, con fines comerciales, en cualquier soporte y por cualquier medio t\u00e9cnico, sin la autorizaci\u00f3n de Zofia Stanecka. El USUARIO se compromete a respetar los derechos de Propiedad Intelectual e Industrial titularidad de Zofia Stanecka. Podr\u00e1 visualizar los elementos del portal e incluso imprimirlos, copiarlos y almacenarlos en el disco duro de su ordenador o en cualquier otro soporte f\u00edsico siempre y cuando sea, \u00fanica y exclusivamente, para su uso personal y privado. El USUARIO deber\u00e1 abstenerse de suprimir, alterar, eludir o manipular cualquier dispositivo de protecci\u00f3n o sistema de seguridad que estuviera instalado en el las p\u00e1ginas de Zofia Stanecka.<\/p>\n<h3>EXCLUSI\u00d3N DE GARANT\u00cdAS Y RESPONSABILIDAD<\/h3>\n<p>Zofia Stanecka no se hace responsable, en ning\u00fan caso, de los da\u00f1os y perjuicios de cualquier naturaleza que pudieran ocasionar, a t\u00edtulo enunciativo: errores u omisiones en los contenidos, falta de disponibilidad del portal o la transmisi\u00f3n de virus o programas maliciosos o lesivos en los contenidos, a pesar de haber adoptado todas las medidas tecnol\u00f3gicas necesarias para evitarlo.<\/p>\n<h3>MODIFICACIONES<\/h3>\n<p>Zofia Stanecka se reserva el derecho de efectuar sin previo aviso las modificaciones que considere oportunas en su portal, pudiendo cambiar, suprimir o a\u00f1adir tanto los contenidos y servicios que se presten a trav\u00e9s de la misma como la forma en la que \u00e9stos aparezcan presentados o localizados en su portal.<\/p>\n<h3>ENLACES<\/h3>\n<p>En el caso de que en la p\u00e1gina web se dispusiesen enlaces o hiperv\u00ednculos hac\u00eda otros sitios de Internet, Zofia Stanecka no ejercer\u00e1 ning\u00fan tipo de control sobre dichos sitios y contenidos. En ning\u00fan caso Zofia Stanecka asumir\u00e1 responsabilidad alguna por los contenidos de alg\u00fan enlace perteneciente a un sitio web ajeno, ni garantizar\u00e1 la disponibilidad t\u00e9cnica, calidad, fiabilidad, exactitud, amplitud, veracidad, validez y constitucionalidad de cualquier material o informaci\u00f3n contenida en ninguno de dichos hiperv\u00ednculos u otros sitios de Internet.<br \/> Igualmente, la inclusi\u00f3n de estas conexiones externas no implicar\u00e1 ning\u00fan tipo de asociaci\u00f3n, fusi\u00f3n o participaci\u00f3n con las entidades conectadas.<\/p>\n<h3>DERECHO DE EXCLUSI\u00d3N<\/h3>\n<p>Zofia Stanecka se reserva el derecho a denegar o retirar el acceso a portal y\/o los servicios ofrecidos sin necesidad de preaviso, a instancia propia o de un tercero, a aquellos usuarios que incumplan las presentes Condiciones Generales de Uso.<\/p>\n<h3>GENERALIDADES<\/h3>\n<p>Zofia Stanecka perseguir\u00e1 el incumplimiento de las presentes condiciones, as\u00ed como cualquier utilizaci\u00f3n indebida de su portal ejerciendo todas las acciones civiles y penales que le puedan corresponder en derecho.<\/p>\n<h3>MODIFICACI\u00d3N DE LAS PRESENTES CONDICIONES Y DURACI\u00d3N<\/h3>\n<p>Zofia Stanecka podr\u00e1 modificar en cualquier momento las condiciones aqu\u00ed determinadas, siendo debidamente publicadas como aqu\u00ed aparecen.<br \/> La vigencia de las citadas condiciones ir\u00e1 en funci\u00f3n de su exposici\u00f3n y estar\u00e1n vigentes hasta que sean modificadas por otras debidamente publicadas.<\/p>\n<h3>LEGISLACI\u00d3N APLICABLE Y JURISDICCI\u00d3N<\/h3>\n<p>La relaci\u00f3n entre Zofia Stanecka y el USUARIO se regir\u00e1 por la normativa espa\u00f1ola vigente y cualquier controversia se someter\u00e1 a los Juzgados y tribunales de la ciudad anteriormente indicada.<\/p>\n<\/li>\n<\/ul>\n<p>[\/et_pb_text][\/et_pb_column][\/et_pb_row][\/et_pb_section]<\/p>\n<span class=\"et_bloom_bottom_trigger\"><\/span>","protected":false},"excerpt":{"rendered":"<p>Pol\u00edtica de privacidad\u00a0 Can is Cool Centro Canino representado por Zofia Stanecka es una empresa en la que la transparencia en la informaci\u00f3n es fundamental para establecer una relaci\u00f3n de confianza con las personas que forman nuestro proyecto y con nuestros proveedores y clientes, siendo la protecci\u00f3n de los datos personales de las personas que [&hellip;]<\/p>\n","protected":false},"author":1,"featured_media":0,"parent":0,"menu_order":1100,"comment_status":"closed","ping_status":"closed","template":"","meta":{"_et_pb_use_builder":"on","_et_pb_old_content":"<!-- wp:heading -->\n<h2>Quienes somos<\/h2>\n<!-- \/wp:heading -->\n\n<!-- wp:paragraph -->\n<p>Nuestra direcci\u00f3n web es: https:\/\/caniscool.es\/s<\/p>\n<!-- \/wp:paragraph -->\n\n<!-- wp:heading -->\n<h2>Qu\u00e9 datos personales recogemos y por qu\u00e9<\/h2>\n<!-- \/wp:heading -->\n\n<!-- wp:heading {\"level\":3} -->\n<h3>Comentarios<\/h3>\n<!-- \/wp:heading -->\n\n<!-- wp:paragraph -->\n<p>Cuando los visitantes dejan comentarios en la web, recogemos los datos que se muestran en el formulario de contacto, as\u00ed como la direcci\u00f3n IP del visitante y la cadena del agente de usuario del navegador para ayudar a la detecci\u00f3n de mensajes basura.<\/p>\n<!-- \/wp:paragraph -->\n\n<!-- wp:paragraph -->\n<p>Una cadena anonimizada creada a partir del correo electr\u00f3nico (tambi\u00e9n nombrado un hash) puede proporcionarse el servicio Gravatar para ver si la ha usado. La pol\u00edtica de privacidad del servicio Gravatar est\u00e1 disponible aqu\u00ed: https:\/\/automattic.com\/privacy\/. Una vez aprobado el comentario, la imagen de su perfil es visible al p\u00fablico en el contexto del comentario.<\/p>\n<!-- \/wp:paragraph -->\n\n<!-- wp:heading {\"level\":3} -->\n<h3>M\u00e8dia<\/h3>\n<!-- \/wp:heading -->\n\n<!-- wp:paragraph -->\n<p>Si sube im\u00e1genes en el sitio web, debe evitar subir im\u00e1genes que incluyan datos de geolocalizaci\u00f3n (EXIF GPS) incrustadas. Los visitantes del sitio web pueden descargar y extraer cualquier informaci\u00f3n de las im\u00e1genes de la web.<\/p>\n<!-- \/wp:paragraph -->\n\n<!-- wp:heading {\"level\":3} -->\n<h3>Formularios de contacto<\/h3>\n<!-- \/wp:heading -->\n\n<!-- wp:heading {\"level\":3} -->\n<h3>Cookies<\/h3>\n<!-- \/wp:heading -->\n\n<!-- wp:paragraph -->\n<p>Si deja un comentario en la p\u00e1gina web, puede optar por guardar el nombre, la direcci\u00f3n de correo electr\u00f3nico y la p\u00e1gina web en las galletas. Esto es para su comodidad para que no hay\u00e1is cumplimentar los datos de nuevo al hacer otro comentario. Estas galletas durar\u00e1n un a\u00f1o.<\/p>\n<!-- \/wp:paragraph -->\n\n<!-- wp:paragraph -->\n<p>Si tiene una cuenta y acceda en esta p\u00e1gina web, se definir\u00e1 una cookie temporal para determinar si el navegador acepta cookies. Esta cookie no contiene datos personales y se descartar\u00e1 al cerrar el navegador.<\/p>\n<!-- \/wp:paragraph -->\n\n<!-- wp:paragraph -->\n<p>Cuando inicie sesi\u00f3n, tambi\u00e9n configuradas varias galletas para guardar la informaci\u00f3n de inicio de sesi\u00f3n y las opciones de visualizaci\u00f3n de la pantalla. Las galeras de inicio de sesi\u00f3n duran dos d\u00edas, y las galletas de las opciones de pantalla duran un a\u00f1o. Si selecciona \"Recordarme\", el inicio de sesi\u00f3n persistir\u00e1 durante dos semanas. Si finaliza la sesi\u00f3n, las cookies de inicio de sesi\u00f3n ser\u00e1n suprimidas.<\/p>\n<!-- \/wp:paragraph -->\n\n<!-- wp:paragraph -->\n<p>Si edita o publique un art\u00edculo, una galleta adicional se guardar\u00e1 en el navegador. Esta cookie no incluye datos personales y simplemente indica el identificador de la entrada que acaba de editar. Expira despu\u00e9s de 1 d\u00eda.<\/p>\n<!-- \/wp:paragraph -->\n\n<!-- wp:heading {\"level\":3} -->\n<h3>Contenido incrustado de otros sitios web<\/h3>\n<!-- \/wp:heading -->\n\n<!-- wp:paragraph -->\n<p>Los art\u00edculos en esta p\u00e1gina web incluye contenido integrado (por ejemplo, v\u00eddeos, im\u00e1genes, art\u00edculos, etc.). El contenido incrustado desde otras p\u00e1ginas web se comporta exactamente de la misma manera como si el visitante estuviera visitando la otra p\u00e1gina web.<\/p>\n<!-- \/wp:paragraph -->\n\n<!-- wp:paragraph -->\n<p>Estas p\u00e1ginas web pueden recoger datos sobre vos, usar cookies, incrustar seguimiento adicional de terceras partes, y monitorizar la interacci\u00f3n con el contenido integrado, incluyendo la traza de la interacci\u00f3n con el contenido incrustado si tiene una cuenta y est\u00e1 conectado en esta p\u00e1gina web..<\/p>\n<!-- \/wp:paragraph -->\n\n<!-- wp:heading {\"level\":3} -->\n<h3>Anal\u00edtiques<\/h3>\n<!-- \/wp:heading -->\n\n<!-- wp:heading -->\n<h2>Con qui\u00e9n compartimos sus datos<\/h2>\n<!-- \/wp:heading -->\n\n<!-- wp:heading -->\n<h2>Cu\u00e1nto tiempo retenemos los datos<\/h2>\n<!-- \/wp:heading -->\n\n<!-- wp:paragraph -->\n<p>Si deja un comentario, el comentario y sus datos meta se retienen indefinidamente. Esto es para poder reconocer y aprobar autom\u00e1ticamente cualquier comentario de seguimiento en lugar de mantenerlos en la cola de moderaci\u00f3n.<\/p>\n<!-- \/wp:paragraph -->\n\n<!-- wp:paragraph -->\n<p><\/p>\n<!-- \/wp:paragraph -->\n\n<!-- wp:paragraph -->\n<p>Para los usuarios que se registran en la web (si hay), tambi\u00e9n almacenamos la informaci\u00f3n personal que proporcionan a su perfil de usuario. Todos los usuarios pueden ver, editar o eliminar su informaci\u00f3n personal en cualquier momento (excepto que no pueden cambiar su nombre de usuario). Los administradores de la p\u00e1gina web pueden tambi\u00e9n editar esta informaci\u00f3n.<\/p>\n<!-- \/wp:paragraph -->\n\n<!-- wp:heading -->\n<h2>Qu\u00e9 derechos tiene sobre sus datos<\/h2>\n<!-- \/wp:heading -->\n\n<!-- wp:paragraph -->\n<p>Si tiene una cuenta en este sitio web o ha dejado comentarios, puede solicitar que le env\u00eden un fichero de exportaci\u00f3n de sus datos personales, incluyendo todos los datos que nos haya proporcionado. Tambi\u00e9n puede pedir que borremos cualquier dato personal vuestra que tengamos. Esto no incluye los datos que estemos obligados a conservar con prop\u00f3sitos administrativos, legales o de seguridad<\/p>\n<!-- \/wp:paragraph -->\n\n<!-- wp:paragraph -->\n<p><\/p>\n<!-- \/wp:paragraph -->\n\n<!-- wp:heading -->\n<h2>Donde enviamos sus datos<\/h2>\n<!-- \/wp:heading -->\n\n<!-- wp:paragraph -->\n<p>Los comentarios de los visitantes deben ser comprobados mediante un servicio de detecci\u00f3n de basura automatizado<\/p>\n<!-- \/wp:paragraph -->\n\n<!-- wp:paragraph -->\n<p><\/p>\n<!-- \/wp:paragraph -->\n\n<!-- wp:heading -->\n<h2>Informaci\u00f3n de contacto<\/h2>\n<!-- \/wp:heading -->\n\n<!-- wp:heading -->\n<h2>Informaci\u00f3n adicional<\/h2>\n<!-- \/wp:heading -->\n\n<!-- wp:heading {\"level\":3} -->\n<h3>C\u00f3mo protegemos sus datos<\/h3>\n<!-- \/wp:heading -->\n\n<!-- wp:heading {\"level\":3} -->\n<h3>Qu\u00e9 procedimientos de incumplimiento de datos tenemos en el sitio<\/h3>\n<!-- \/wp:heading -->\n\n<!-- wp:heading {\"level\":3} -->\n<h3>De qu\u00e9 terceros recibimos datos<\/h3>\n<!-- \/wp:heading -->\n\n<!-- wp:heading {\"level\":3} -->\n<h3>Qu\u00e9 toma de decisiones automatizada y \/ o perfil hacemos con los datos del usuario<\/h3>\n<!-- \/wp:heading -->\n\n<!-- wp:heading {\"level\":3} -->\n<h3>Requisitos de divulgaci\u00f3n reglamentaria de la industria<\/h3>\n<!-- \/wp:heading -->","_et_gb_content_width":"","om_disable_all_campaigns":false,"footnotes":""},"class_list":["post-3","page","type-page","status-publish","hentry"],"aioseo_notices":[],"_links":{"self":[{"href":"https:\/\/caniscool.es\/s\/es\/wp-json\/wp\/v2\/pages\/3","targetHints":{"allow":["GET"]}}],"collection":[{"href":"https:\/\/caniscool.es\/s\/es\/wp-json\/wp\/v2\/pages"}],"about":[{"href":"https:\/\/caniscool.es\/s\/es\/wp-json\/wp\/v2\/types\/page"}],"author":[{"embeddable":true,"href":"https:\/\/caniscool.es\/s\/es\/wp-json\/wp\/v2\/users\/1"}],"replies":[{"embeddable":true,"href":"https:\/\/caniscool.es\/s\/es\/wp-json\/wp\/v2\/comments?post=3"}],"version-history":[{"count":17,"href":"https:\/\/caniscool.es\/s\/es\/wp-json\/wp\/v2\/pages\/3\/revisions"}],"predecessor-version":[{"id":13117,"href":"https:\/\/caniscool.es\/s\/es\/wp-json\/wp\/v2\/pages\/3\/revisions\/13117"}],"wp:attachment":[{"href":"https:\/\/caniscool.es\/s\/es\/wp-json\/wp\/v2\/media?parent=3"}],"curies":[{"name":"wp","href":"https:\/\/api.w.org\/{rel}","templated":true}]}}