{"id":17522,"date":"2023-01-12T16:50:13","date_gmt":"2023-01-12T14:50:13","guid":{"rendered":"https:\/\/caniscool.es\/s\/?page_id=17522"},"modified":"2023-02-13T19:25:42","modified_gmt":"2023-02-13T17:25:42","slug":"blog","status":"publish","type":"page","link":"https:\/\/caniscool.es\/s\/es\/blog\/","title":{"rendered":"Blog"},"content":{"rendered":"\t\t<div data-elementor-type=\"wp-page\" data-elementor-id=\"17522\" class=\"elementor elementor-17522\" data-elementor-post-type=\"page\">\n\t\t\t\t\t\t<section class=\"elementor-section elementor-top-section elementor-element elementor-element-5f43cb2 elementor-section-height-min-height elementor-section-boxed elementor-section-height-default elementor-section-items-middle\" data-id=\"5f43cb2\" data-element_type=\"section\" data-settings=\"{&quot;background_background&quot;:&quot;classic&quot;}\">\n\t\t\t\t\t\t<div class=\"elementor-container elementor-column-gap-default\">\n\t\t\t\t\t<div class=\"elementor-column elementor-col-100 elementor-top-column elementor-element elementor-element-658edd1\" data-id=\"658edd1\" data-element_type=\"column\">\n\t\t\t<div class=\"elementor-widget-wrap elementor-element-populated\">\n\t\t\t\t\t\t<div class=\"elementor-element elementor-element-e0abb2b elementor-widget elementor-widget-heading\" data-id=\"e0abb2b\" data-element_type=\"widget\" data-widget_type=\"heading.default\">\n\t\t\t\t<div class=\"elementor-widget-container\">\n\t\t\t<h4 class=\"elementor-heading-title elementor-size-default\">Blog de Can is Cool<\/h4>\t\t<\/div>\n\t\t\t\t<\/div>\n\t\t\t\t\t<\/div>\n\t\t<\/div>\n\t\t\t\t\t<\/div>\n\t\t<\/section>\n\t\t\t\t<section class=\"elementor-section elementor-top-section elementor-element elementor-element-9390c31 elementor-section-boxed elementor-section-height-default elementor-section-height-default\" data-id=\"9390c31\" data-element_type=\"section\">\n\t\t\t\t\t\t<div class=\"elementor-container elementor-column-gap-default\">\n\t\t\t\t\t<div class=\"elementor-column elementor-col-100 elementor-top-column elementor-element elementor-element-f17c663\" data-id=\"f17c663\" data-element_type=\"column\">\n\t\t\t<div class=\"elementor-widget-wrap elementor-element-populated\">\n\t\t\t\t\t\t<div class=\"elementor-element elementor-element-0b0e62c elementor-widget elementor-widget-wp-widget-categories\" data-id=\"0b0e62c\" data-element_type=\"widget\" data-widget_type=\"wp-widget-categories.default\">\n\t\t\t\t<div class=\"elementor-widget-container\">\n\t\t\t<h5>Categor\u00edas<\/h5><form action=\"https:\/\/caniscool.es\/s\/es\/\" method=\"get\"><label class=\"screen-reader-text\" for=\"cat\">Categor\u00edas<\/label><select  name='cat' id='cat' class='postform'>\n\t<option value='-1'>Elegir la categor\u00eda<\/option>\n\t<option class=\"level-0\" value=\"1\">Adiestramiento canino&nbsp;&nbsp;(2)<\/option>\n\t<option class=\"level-0\" value=\"30\">Cachorro que gru\u00f1e&nbsp;&nbsp;(1)<\/option>\n\t<option class=\"level-0\" value=\"31\">Cachorro se hace pipi&nbsp;&nbsp;(1)<\/option>\n\t<option class=\"level-0\" value=\"48\">Mi perro ladra&nbsp;&nbsp;(1)<\/option>\n\t<option class=\"level-0\" value=\"41\">Mi perro llora&nbsp;&nbsp;(1)<\/option>\n\t<option class=\"level-0\" value=\"43\">Mi perro muerde&nbsp;&nbsp;(1)<\/option>\n<\/select>\n<\/form><script type=\"text\/javascript\">\n\/* <![CDATA[ *\/\n\n(function() {\n\tvar dropdown = document.getElementById( \"cat\" );\n\tfunction onCatChange() {\n\t\tif ( dropdown.options[ dropdown.selectedIndex ].value > 0 ) {\n\t\t\tdropdown.parentNode.submit();\n\t\t}\n\t}\n\tdropdown.onchange = onCatChange;\n})();\n\n\/* ]]> *\/\n<\/script>\n\t\t<\/div>\n\t\t\t\t<\/div>\n\t\t\t\t<div class=\"elementor-element elementor-element-5c37e69 elementor-grid-3 elementor-grid-tablet-2 elementor-grid-mobile-1 elementor-posts--thumbnail-top elementor-widget elementor-widget-posts\" data-id=\"5c37e69\" data-element_type=\"widget\" data-settings=\"{&quot;pagination_type&quot;:&quot;numbers_and_prev_next&quot;,&quot;classic_columns&quot;:&quot;3&quot;,&quot;classic_columns_tablet&quot;:&quot;2&quot;,&quot;classic_columns_mobile&quot;:&quot;1&quot;,&quot;classic_row_gap&quot;:{&quot;unit&quot;:&quot;px&quot;,&quot;size&quot;:35,&quot;sizes&quot;:[]},&quot;classic_row_gap_tablet&quot;:{&quot;unit&quot;:&quot;px&quot;,&quot;size&quot;:&quot;&quot;,&quot;sizes&quot;:[]},&quot;classic_row_gap_mobile&quot;:{&quot;unit&quot;:&quot;px&quot;,&quot;size&quot;:&quot;&quot;,&quot;sizes&quot;:[]}}\" data-widget_type=\"posts.classic\">\n\t\t\t\t<div class=\"elementor-widget-container\">\n\t\t\t\t\t<div class=\"elementor-posts-container elementor-posts elementor-posts--skin-classic elementor-grid\">\n\t\t\t\t<article class=\"elementor-post elementor-grid-item post-18833 post type-post status-publish format-standard has-post-thumbnail hentry category-mi-perro-ladra tag-mi-perro-ladra-a-otros-perros tag-mi-perro-ladra-constantemente tag-mi-perro-ladra-mucho tag-perro-ladra-a-otros-perros tag-perro-ladra-en-la-calle\">\n\t\t\t\t<a class=\"elementor-post__thumbnail__link\" href=\"https:\/\/caniscool.es\/s\/es\/mi-perro-ladra-a-otros-perros\/\" tabindex=\"-1\" >\n\t\t\t<div class=\"elementor-post__thumbnail\"><img fetchpriority=\"high\" fetchpriority=\"high\" decoding=\"async\" width=\"768\" height=\"951\" src=\"https:\/\/caniscool.es\/s\/wp-content\/uploads\/2023\/02\/5.Bruno-que-ladraba-a-otros-perros-en-la-calle-768x951.jpg\" class=\"attachment-medium_large size-medium_large wp-image-18834\" alt=\"Bruno que ladraba a otros perros en la calle\" \/><\/div>\n\t\t<\/a>\n\t\t\t\t<div class=\"elementor-post__text\">\n\t\t\t\t<h3 class=\"elementor-post__title\">\n\t\t\t<a href=\"https:\/\/caniscool.es\/s\/es\/mi-perro-ladra-a-otros-perros\/\" >\n\t\t\t\tMi perro ladra a otros perros\t\t\t<\/a>\n\t\t<\/h3>\n\t\t\t\t<div class=\"elementor-post__meta-data\">\n\t\t\t\t\t<span class=\"elementor-post-date\">\n\t\t\t28 de febrero de 2023\t\t<\/span>\n\t\t\t\t<\/div>\n\t\t\t\t<div class=\"elementor-post__excerpt\">\n\t\t\t<p>Bruno, el perro que ladraba a todos los perros en la calle. Hoy presentamos la historia de Bruno, un mestizo adolescente que se excitaba mucho y ladraba a otros perros en la calle. Su due\u00f1o Jorge nos pidi\u00f3 ayuda porque en los \u00faltimos meses Bruno cambi\u00f3 su car\u00e1cter, ladraba a<\/p>\n\t\t<\/div>\n\t\t\n\t\t<a class=\"elementor-post__read-more\" href=\"https:\/\/caniscool.es\/s\/es\/mi-perro-ladra-a-otros-perros\/\" aria-label=\"M\u00e1s informaci\u00f3n sobre Mi perro ladra a otros perros\" tabindex=\"-1\" >\n\t\t\tLeer m\u00e1s \u00bb\t\t<\/a>\n\n\t\t\t\t<\/div>\n\t\t\t\t<\/article>\n\t\t\t\t<article class=\"elementor-post elementor-grid-item post-18602 post type-post status-publish format-standard has-post-thumbnail hentry category-mi-perro-muerde tag-mi-perro-muerde tag-perro-muerde-muebles tag-perro-muerde-objetos\">\n\t\t\t\t<a class=\"elementor-post__thumbnail__link\" href=\"https:\/\/caniscool.es\/s\/es\/mi-perro-muerde-todo\/\" tabindex=\"-1\" >\n\t\t\t<div class=\"elementor-post__thumbnail\"><img decoding=\"async\" width=\"768\" height=\"951\" src=\"https:\/\/caniscool.es\/s\/wp-content\/uploads\/2023\/02\/Adiestramiento-canino-en-Barcelona-mi-perro-lo-muerde-todo-768x951.jpg\" class=\"attachment-medium_large size-medium_large wp-image-18603\" alt=\"Adiestramiento-canino-en-Barcelona-mi-perro-lo-muerde-todo\" \/><\/div>\n\t\t<\/a>\n\t\t\t\t<div class=\"elementor-post__text\">\n\t\t\t\t<h3 class=\"elementor-post__title\">\n\t\t\t<a href=\"https:\/\/caniscool.es\/s\/es\/mi-perro-muerde-todo\/\" >\n\t\t\t\tMi perro muerde todo\t\t\t<\/a>\n\t\t<\/h3>\n\t\t\t\t<div class=\"elementor-post__meta-data\">\n\t\t\t\t\t<span class=\"elementor-post-date\">\n\t\t\t10 de febrero de 2023\t\t<\/span>\n\t\t\t\t<\/div>\n\t\t\t\t<div class=\"elementor-post__excerpt\">\n\t\t\t<p>Neo destructor Hoy os presentamos la historia de Neo, un Jack Russell de 4 meses. Sus due\u00f1os Merc\u00e8 y Juan se pusieron en contacto con nosotros porque Neo se estaba dedicando a destrozar su casa, pero no encontraban una soluci\u00f3n para evitarlo. Merc\u00e8 y Juan trabajan en una oficina, y<\/p>\n\t\t<\/div>\n\t\t\n\t\t<a class=\"elementor-post__read-more\" href=\"https:\/\/caniscool.es\/s\/es\/mi-perro-muerde-todo\/\" aria-label=\"M\u00e1s informaci\u00f3n sobre Mi perro muerde todo\" tabindex=\"-1\" >\n\t\t\tLeer m\u00e1s \u00bb\t\t<\/a>\n\n\t\t\t\t<\/div>\n\t\t\t\t<\/article>\n\t\t\t\t<article class=\"elementor-post elementor-grid-item post-18588 post type-post status-publish format-standard has-post-thumbnail hentry category-adiestramiento-canino\">\n\t\t\t\t<a class=\"elementor-post__thumbnail__link\" href=\"https:\/\/caniscool.es\/s\/es\/metodo-can-is-cool\/\" tabindex=\"-1\" >\n\t\t\t<div class=\"elementor-post__thumbnail\"><img decoding=\"async\" width=\"768\" height=\"960\" src=\"https:\/\/caniscool.es\/s\/wp-content\/uploads\/2023\/02\/Adiestramiento-canino-en-Barcelona-metodo-can-is-cool-768x960.jpg\" class=\"attachment-medium_large size-medium_large wp-image-18577\" alt=\"Adiestramiento-canino-en-Barcelona-metodo-can-is-cool\" \/><\/div>\n\t\t<\/a>\n\t\t\t\t<div class=\"elementor-post__text\">\n\t\t\t\t<h3 class=\"elementor-post__title\">\n\t\t\t<a href=\"https:\/\/caniscool.es\/s\/es\/metodo-can-is-cool\/\" >\n\t\t\t\tM\u00e9todo Can is cool\t\t\t<\/a>\n\t\t<\/h3>\n\t\t\t\t<div class=\"elementor-post__meta-data\">\n\t\t\t\t\t<span class=\"elementor-post-date\">\n\t\t\t9 de febrero de 2023\t\t<\/span>\n\t\t\t\t<\/div>\n\t\t\t\t<div class=\"elementor-post__excerpt\">\n\t\t\t<p>Nuestra metodolog\u00eda Muchos propietarios no pueden disfrutar de su cachorro plenamente y est\u00e1n desbordados por su comportamiento: no escucha y no se calma, tienen la casa llena de destrozos y orina, mordeduras en las manos y los paseos son un estr\u00e9s.No saben qu\u00e9 hacer con \u00e9l y est\u00e1n frustrados porque<\/p>\n\t\t<\/div>\n\t\t\n\t\t<a class=\"elementor-post__read-more\" href=\"https:\/\/caniscool.es\/s\/es\/metodo-can-is-cool\/\" aria-label=\"M\u00e1s informaci\u00f3n sobre M\u00e9todo Can is cool\" tabindex=\"-1\" >\n\t\t\tLeer m\u00e1s \u00bb\t\t<\/a>\n\n\t\t\t\t<\/div>\n\t\t\t\t<\/article>\n\t\t\t\t<article class=\"elementor-post elementor-grid-item post-18573 post type-post status-publish format-standard has-post-thumbnail hentry category-adiestramiento-canino\">\n\t\t\t\t<a class=\"elementor-post__thumbnail__link\" href=\"https:\/\/caniscool.es\/s\/es\/que-es-el-adiestramiento-canino\/\" tabindex=\"-1\" >\n\t\t\t<div class=\"elementor-post__thumbnail\"><img loading=\"lazy\" loading=\"lazy\" decoding=\"async\" width=\"768\" height=\"960\" src=\"https:\/\/caniscool.es\/s\/wp-content\/uploads\/2023\/02\/Adiestramiento-canino-en-Barcelona-768x960.jpg\" class=\"attachment-medium_large size-medium_large wp-image-18575\" alt=\"Adiestramiento-canino-en-Barcelona\" \/><\/div>\n\t\t<\/a>\n\t\t\t\t<div class=\"elementor-post__text\">\n\t\t\t\t<h3 class=\"elementor-post__title\">\n\t\t\t<a href=\"https:\/\/caniscool.es\/s\/es\/que-es-el-adiestramiento-canino\/\" >\n\t\t\t\t\u00bfQu\u00e9 es el adiestramiento canino?\t\t\t<\/a>\n\t\t<\/h3>\n\t\t\t\t<div class=\"elementor-post__meta-data\">\n\t\t\t\t\t<span class=\"elementor-post-date\">\n\t\t\t9 de febrero de 2023\t\t<\/span>\n\t\t\t\t<\/div>\n\t\t\t\t<div class=\"elementor-post__excerpt\">\n\t\t\t<p>Tareas para adiestrar perros Barcelona En Can is Cool nos especializamos en la educaci\u00f3n de cachorros y lo hacemos bas\u00e1ndonos en la ciencia.Existen muchos mitos sobre el adiestramiento canino: desde la edad en la que hay que empezar, mediante qu\u00e9 t\u00e9cnicas y hasta qu\u00e9 tipo de relaci\u00f3n deber\u00edamos tener con<\/p>\n\t\t<\/div>\n\t\t\n\t\t<a class=\"elementor-post__read-more\" href=\"https:\/\/caniscool.es\/s\/es\/que-es-el-adiestramiento-canino\/\" aria-label=\"M\u00e1s informaci\u00f3n sobre \u00bfQu\u00e9 es el adiestramiento canino?\" tabindex=\"-1\" >\n\t\t\tLeer m\u00e1s \u00bb\t\t<\/a>\n\n\t\t\t\t<\/div>\n\t\t\t\t<\/article>\n\t\t\t\t<article class=\"elementor-post elementor-grid-item post-17714 post type-post status-publish format-standard has-post-thumbnail hentry category-mi-perro-llora tag-cachorro-llora-al-estar-solo tag-cachorro-llora-cuando-se-queda-solo tag-mi-perro-llora\">\n\t\t\t\t<a class=\"elementor-post__thumbnail__link\" href=\"https:\/\/caniscool.es\/s\/es\/porque-llora-mi-perro\/\" tabindex=\"-1\" >\n\t\t\t<div class=\"elementor-post__thumbnail\"><img loading=\"lazy\" loading=\"lazy\" decoding=\"async\" width=\"768\" height=\"951\" src=\"https:\/\/caniscool.es\/s\/wp-content\/uploads\/2023\/01\/Adiestramiento-canino-en-Barcelona-768x951.jpg\" class=\"attachment-medium_large size-medium_large wp-image-17715\" alt=\"Adiestramiento-canino-en-Barcelona\" \/><\/div>\n\t\t<\/a>\n\t\t\t\t<div class=\"elementor-post__text\">\n\t\t\t\t<h3 class=\"elementor-post__title\">\n\t\t\t<a href=\"https:\/\/caniscool.es\/s\/es\/porque-llora-mi-perro\/\" >\n\t\t\t\t\u00bfPorqu\u00e9 llora mi perro?\t\t\t<\/a>\n\t\t<\/h3>\n\t\t\t\t<div class=\"elementor-post__meta-data\">\n\t\t\t\t\t<span class=\"elementor-post-date\">\n\t\t\t26 de enero de 2023\t\t<\/span>\n\t\t\t\t<\/div>\n\t\t\t\t<div class=\"elementor-post__excerpt\">\n\t\t\t<p>Nala lloraba al quedarse sola Hoy os presentamos la historia de Nala, una galga italiana de 6 meses que lloraba al quedarse sola. Sus due\u00f1os, Mar\u00eda y Uri, nos contactaron porque no consegu\u00edan ense\u00f1arle a quedarse sola en casa, la perra lloraba tanto cada vez que se iba de casa,<\/p>\n\t\t<\/div>\n\t\t\n\t\t<a class=\"elementor-post__read-more\" href=\"https:\/\/caniscool.es\/s\/es\/porque-llora-mi-perro\/\" aria-label=\"M\u00e1s informaci\u00f3n sobre \u00bfPorqu\u00e9 llora mi perro?\" tabindex=\"-1\" >\n\t\t\tLeer m\u00e1s \u00bb\t\t<\/a>\n\n\t\t\t\t<\/div>\n\t\t\t\t<\/article>\n\t\t\t\t<article class=\"elementor-post elementor-grid-item post-17673 post type-post status-publish format-standard has-post-thumbnail hentry category-cachorro-que-grune tag-cachorro-que-grune tag-cachorro-que-grune-a-los-ninos tag-mi-perro-grune\">\n\t\t\t\t<a class=\"elementor-post__thumbnail__link\" href=\"https:\/\/caniscool.es\/s\/es\/mi-perro-grune-y-ensena-los-dientes-a-los-ninos\/\" tabindex=\"-1\" >\n\t\t\t<div class=\"elementor-post__thumbnail\"><img loading=\"lazy\" loading=\"lazy\" decoding=\"async\" width=\"768\" height=\"951\" src=\"https:\/\/caniscool.es\/s\/wp-content\/uploads\/2023\/01\/Adiestramiento-canino-Barcelona-mi-perro-grune-768x951.jpg\" class=\"attachment-medium_large size-medium_large wp-image-17674\" alt=\"Adiestramiento-canino-Barcelona-mi-perro-gru\u00f1e\" \/><\/div>\n\t\t<\/a>\n\t\t\t\t<div class=\"elementor-post__text\">\n\t\t\t\t<h3 class=\"elementor-post__title\">\n\t\t\t<a href=\"https:\/\/caniscool.es\/s\/es\/mi-perro-grune-y-ensena-los-dientes-a-los-ninos\/\" >\n\t\t\t\tMi perro gru\u00f1e y ense\u00f1a los dientes a los ni\u00f1os\t\t\t<\/a>\n\t\t<\/h3>\n\t\t\t\t<div class=\"elementor-post__meta-data\">\n\t\t\t\t\t<span class=\"elementor-post-date\">\n\t\t\t24 de enero de 2023\t\t<\/span>\n\t\t\t\t<\/div>\n\t\t\t\t<div class=\"elementor-post__excerpt\">\n\t\t\t<p>Mila que gru\u00f1\u00eda a los ni\u00f1os Os presentamos la historia de Mila, un bulldog franc\u00e9s de 4 meses. Sus propietarios, Eugenia y Fernando, nos contactaron cuando su hasta ahora dulce cachorrita empez\u00f3 a gru\u00f1ir y a ense\u00f1ar los dientes a los ni\u00f1os. Eugenia y Fernando tienen dos hijos peque\u00f1os de<\/p>\n\t\t<\/div>\n\t\t\n\t\t<a class=\"elementor-post__read-more\" href=\"https:\/\/caniscool.es\/s\/es\/mi-perro-grune-y-ensena-los-dientes-a-los-ninos\/\" aria-label=\"M\u00e1s informaci\u00f3n sobre Mi perro gru\u00f1e y ense\u00f1a los dientes a los ni\u00f1os\" tabindex=\"-1\" >\n\t\t\tLeer m\u00e1s \u00bb\t\t<\/a>\n\n\t\t\t\t<\/div>\n\t\t\t\t<\/article>\n\t\t\t\t<\/div>\n\t\t\n\t\t\t\t<div class=\"e-load-more-anchor\" data-page=\"1\" data-max-page=\"2\" data-next-page=\"https:\/\/caniscool.es\/s\/es\/wp-json\/wp\/v2\/pages\/17522\/page\/2\/\"><\/div>\n\t\t\t\t<nav class=\"elementor-pagination\" aria-label=\"Paginaci\u00f3n\">\n\t\t\t<span class=\"page-numbers prev\">&laquo; Anterior<\/span>\n<span aria-current=\"page\" class=\"page-numbers current\"><span class=\"elementor-screen-only\">P\u00e1gina<\/span>1<\/span>\n<a class=\"page-numbers\" href=\"https:\/\/caniscool.es\/s\/es\/wp-json\/wp\/v2\/pages\/17522\/page\/2\/\"><span class=\"elementor-screen-only\">P\u00e1gina<\/span>2<\/a>\n<a class=\"page-numbers next\" href=\"https:\/\/caniscool.es\/s\/es\/wp-json\/wp\/v2\/pages\/17522\/page\/2\/\">Siguiente &raquo;<\/a>\t\t<\/nav>\n\t\t\t\t<\/div>\n\t\t\t\t<\/div>\n\t\t\t\t\t<\/div>\n\t\t<\/div>\n\t\t\t\t\t<\/div>\n\t\t<\/section>\n\t\t\t\t<\/div>\n\t\t<span class=\"et_bloom_bottom_trigger\"><\/span>","protected":false},"excerpt":{"rendered":"<p>Blog de Can is Cool<\/p>\n","protected":false},"author":13,"featured_media":0,"parent":0,"menu_order":0,"comment_status":"closed","ping_status":"closed","template":"","meta":{"_et_pb_use_builder":"on","_et_pb_old_content":"","_et_gb_content_width":"","om_disable_all_campaigns":false,"footnotes":""},"class_list":["post-17522","page","type-page","status-publish","hentry"],"aioseo_notices":[],"_links":{"self":[{"href":"https:\/\/caniscool.es\/s\/es\/wp-json\/wp\/v2\/pages\/17522","targetHints":{"allow":["GET"]}}],"collection":[{"href":"https:\/\/caniscool.es\/s\/es\/wp-json\/wp\/v2\/pages"}],"about":[{"href":"https:\/\/caniscool.es\/s\/es\/wp-json\/wp\/v2\/types\/page"}],"author":[{"embeddable":true,"href":"https:\/\/caniscool.es\/s\/es\/wp-json\/wp\/v2\/users\/13"}],"replies":[{"embeddable":true,"href":"https:\/\/caniscool.es\/s\/es\/wp-json\/wp\/v2\/comments?post=17522"}],"version-history":[{"count":55,"href":"https:\/\/caniscool.es\/s\/es\/wp-json\/wp\/v2\/pages\/17522\/revisions"}],"predecessor-version":[{"id":18701,"href":"https:\/\/caniscool.es\/s\/es\/wp-json\/wp\/v2\/pages\/17522\/revisions\/18701"}],"wp:attachment":[{"href":"https:\/\/caniscool.es\/s\/es\/wp-json\/wp\/v2\/media?parent=17522"}],"curies":[{"name":"wp","href":"https:\/\/api.w.org\/{rel}","templated":true}]}}