{"id":17,"date":"2024-06-12T16:53:14","date_gmt":"2024-06-12T14:53:14","guid":{"rendered":"https:\/\/caniscool.es\/?page_id=17"},"modified":"2026-01-09T17:10:21","modified_gmt":"2026-01-09T15:10:21","slug":"sobre-nosotros","status":"publish","type":"page","link":"https:\/\/caniscool.es\/en\/sobre-nosotros\/","title":{"rendered":"Sobre Nosotros"},"content":{"rendered":"<div data-elementor-type=\"wp-page\" data-elementor-id=\"17\" class=\"elementor elementor-17\" data-elementor-post-type=\"page\">\n\t\t\t\t<div class=\"elementor-element elementor-element-3f5f1b6 e-flex e-con-boxed e-con e-parent\" data-id=\"3f5f1b6\" data-element_type=\"container\" data-e-type=\"container\" data-settings=\"{&quot;background_background&quot;:&quot;classic&quot;}\">\n\t\t\t\t\t<div class=\"e-con-inner\">\n\t\t<div class=\"elementor-element elementor-element-ac7ff64 e-flex e-con-boxed e-con e-child\" data-id=\"ac7ff64\" data-element_type=\"container\" data-e-type=\"container\">\n\t\t\t\t\t<div class=\"e-con-inner\">\n\t\t\t\t<div class=\"elementor-element elementor-element-fc2afcd elementor-widget elementor-widget-heading\" data-id=\"fc2afcd\" data-element_type=\"widget\" data-e-type=\"widget\" data-widget_type=\"heading.default\">\n\t\t\t\t<div class=\"elementor-widget-container\">\n\t\t\t\t\t<h1 class=\"elementor-heading-title elementor-size-default\">Sobre Nosotros<\/h1>\t\t\t\t<\/div>\n\t\t\t\t<\/div>\n\t\t\t\t\t<\/div>\n\t\t\t\t<\/div>\n\t\t<div class=\"elementor-element elementor-element-0ca173c e-flex e-con-boxed e-con e-child\" data-id=\"0ca173c\" data-element_type=\"container\" data-e-type=\"container\">\n\t\t\t\t\t<div class=\"e-con-inner\">\n\t\t\t\t\t<\/div>\n\t\t\t\t<\/div>\n\t\t\t\t\t<\/div>\n\t\t\t\t<\/div>\n\t\t<div class=\"elementor-element elementor-element-767aa2d e-flex e-con-boxed e-con e-parent\" data-id=\"767aa2d\" data-element_type=\"container\" data-e-type=\"container\">\n\t\t\t\t\t<div class=\"e-con-inner\">\n\t\t\t\t<div class=\"elementor-element elementor-element-9eff766 elementor-widget elementor-widget-heading\" data-id=\"9eff766\" data-element_type=\"widget\" data-e-type=\"widget\" data-widget_type=\"heading.default\">\n\t\t\t\t<div class=\"elementor-widget-container\">\n\t\t\t\t\t<h2 class=\"elementor-heading-title elementor-size-default\">Soy Zofia Stanecka, soci\u00f3loga de familia y apasionada de los perros.\u200b<\/h2>\t\t\t\t<\/div>\n\t\t\t\t<\/div>\n\t\t<div class=\"elementor-element elementor-element-1cd7f9b e-con-full e-flex e-con e-child\" data-id=\"1cd7f9b\" data-element_type=\"container\" data-e-type=\"container\">\n\t\t<div class=\"elementor-element elementor-element-89222d9 e-con-full e-flex e-con e-child\" data-id=\"89222d9\" data-element_type=\"container\" data-e-type=\"container\">\n\t\t\t\t<div class=\"elementor-element elementor-element-36c5030 elementor-widget elementor-widget-text-editor\" data-id=\"36c5030\" data-element_type=\"widget\" data-e-type=\"widget\" data-widget_type=\"text-editor.default\">\n\t\t\t\t<div class=\"elementor-widget-container\">\n\t\t\t\t\t\t\t\t\t<p>Cuando empec\u00e9 en el mundo de la ense\u00f1anza canina, me di cuenta de que no se puede reducir la educaci\u00f3n del perro a un adiestramiento aislado de su contexto familiar.<\/p><p>Entend\u00ed la importancia de ubicar al perro en el sistema que compone la familia y decodificar las reglas que dirigen ese sistema, aplicando la ciencia que est\u00e1 detr\u00e1s. De ah\u00ed naci\u00f3 mi concepto de educaci\u00f3n canina.<\/p><p>Un proyecto de escolarizaci\u00f3n dirigido a las familias humano-caninas, para que conecten en profundidad y creen un v\u00ednculo irrompible con sus perros y vivan en verdadera armon\u00eda y equilibrio.<\/p>\t\t\t\t\t\t\t\t<\/div>\n\t\t\t\t<\/div>\n\t\t\t\t<div class=\"elementor-element elementor-element-bfa7502 elementor-widget elementor-widget-text-editor\" data-id=\"bfa7502\" data-element_type=\"widget\" data-e-type=\"widget\" data-widget_type=\"text-editor.default\">\n\t\t\t\t<div class=\"elementor-widget-container\">\n\t\t\t\t\t\t\t\t\t<p>Te invito a ver mi historia.<\/p>\t\t\t\t\t\t\t\t<\/div>\n\t\t\t\t<\/div>\n\t\t\t\t<div class=\"elementor-element elementor-element-6ba5520 e-transform e-transform elementor-hidden-desktop elementor-view-default elementor-widget elementor-widget-icon\" data-id=\"6ba5520\" data-element_type=\"widget\" data-e-type=\"widget\" data-settings=\"{&quot;_transform_flipX_effect&quot;:&quot;transform&quot;,&quot;_transform_flipY_effect&quot;:&quot;transform&quot;}\" data-widget_type=\"icon.default\">\n\t\t\t\t<div class=\"elementor-widget-container\">\n\t\t\t\t\t\t\t<div class=\"elementor-icon-wrapper\">\n\t\t\t<div class=\"elementor-icon\">\n\t\t\t<svg xmlns=\"http:\/\/www.w3.org\/2000\/svg\" id=\"Layer_1\" height=\"512\" viewbox=\"0 0 100 100\" width=\"512\"><path d=\"m86.247 56.17c-.21-.359-.671-.477-1.026-.269-33.265 19.448-64.219-.796-69.458-4.551l5.059-.605c.412-.049.705-.422.656-.833-.049-.412-.421-.703-.833-.656l-7.261.868c-.219.026-.416.147-.537.332s-.156.412-.094.624l2.104 7.188c.096.328.395.54.719.54.07 0 .141-.01.211-.03.398-.116.625-.533.509-.93l-1.582-5.404c3.386 2.453 19.53 13.28 40.477 13.28 9.521 0 20.037-2.241 30.787-8.525.358-.212.478-.672.269-1.029z\"><\/path><\/svg>\t\t\t<\/div>\n\t\t<\/div>\n\t\t\t\t\t\t<\/div>\n\t\t\t\t<\/div>\n\t\t\t\t<div class=\"elementor-element elementor-element-4dc625d e-transform elementor-hidden-tablet elementor-hidden-mobile elementor-view-default elementor-widget elementor-widget-icon\" data-id=\"4dc625d\" data-element_type=\"widget\" data-e-type=\"widget\" data-settings=\"{&quot;_transform_flipY_effect&quot;:&quot;transform&quot;}\" data-widget_type=\"icon.default\">\n\t\t\t\t<div class=\"elementor-widget-container\">\n\t\t\t\t\t\t\t<div class=\"elementor-icon-wrapper\">\n\t\t\t<div class=\"elementor-icon\">\n\t\t\t<svg xmlns=\"http:\/\/www.w3.org\/2000\/svg\" id=\"Layer_1\" height=\"512\" viewbox=\"0 0 100 100\" width=\"512\"><path d=\"m86.247 56.17c-.21-.359-.671-.477-1.026-.269-33.265 19.448-64.219-.796-69.458-4.551l5.059-.605c.412-.049.705-.422.656-.833-.049-.412-.421-.703-.833-.656l-7.261.868c-.219.026-.416.147-.537.332s-.156.412-.094.624l2.104 7.188c.096.328.395.54.719.54.07 0 .141-.01.211-.03.398-.116.625-.533.509-.93l-1.582-5.404c3.386 2.453 19.53 13.28 40.477 13.28 9.521 0 20.037-2.241 30.787-8.525.358-.212.478-.672.269-1.029z\"><\/path><\/svg>\t\t\t<\/div>\n\t\t<\/div>\n\t\t\t\t\t\t<\/div>\n\t\t\t\t<\/div>\n\t\t\t\t<\/div>\n\t\t<div class=\"elementor-element elementor-element-4f9d74d e-con-full e-flex e-con e-child\" data-id=\"4f9d74d\" data-element_type=\"container\" data-e-type=\"container\">\n\t\t\t\t<div class=\"elementor-element elementor-element-b4ff4e0 elementor-widget elementor-widget-video\" data-id=\"b4ff4e0\" data-element_type=\"widget\" data-e-type=\"widget\" data-settings=\"{&quot;video_type&quot;:&quot;vimeo&quot;}\" data-widget_type=\"video.default\">\n\t\t\t\t<div class=\"elementor-widget-container\">\n\t\t\t\t\t\t\t<div class=\"elementor-wrapper elementor-open-inline\">\n\t\t\t<iframe class=\"elementor-video-iframe\" allowfullscreen allow=\"clipboard-write\" title=\"Reproductor de v\u00eddeo vimeo\" src=\"https:\/\/player.vimeo.com\/video\/505738863?color&amp;autopause=0&amp;loop=0&amp;muted=0&amp;title=0&amp;portrait=0&amp;byline=0#t=\"><\/iframe>\t\t<\/div>\n\t\t\t\t\t\t<\/div>\n\t\t\t\t<\/div>\n\t\t\t\t<\/div>\n\t\t\t\t<\/div>\n\t\t\t\t\t<\/div>\n\t\t\t\t<\/div>\n\t\t<div class=\"elementor-element elementor-element-0613298 e-flex e-con-boxed e-con e-parent\" data-id=\"0613298\" data-element_type=\"container\" data-e-type=\"container\">\n\t\t\t\t\t<div class=\"e-con-inner\">\n\t\t\t\t<div class=\"elementor-element elementor-element-02ea50b elementor-widget elementor-widget-heading\" data-id=\"02ea50b\" data-element_type=\"widget\" data-e-type=\"widget\" data-widget_type=\"heading.default\">\n\t\t\t\t<div class=\"elementor-widget-container\">\n\t\t\t\t\t<h2 class=\"elementor-heading-title elementor-size-default\">Nuestro equipo es COOL COMO CAN IS COOL<\/h2>\t\t\t\t<\/div>\n\t\t\t\t<\/div>\n\t\t\t\t<div class=\"elementor-element elementor-element-efe14a7 elementor-widget elementor-widget-text-editor\" data-id=\"efe14a7\" data-element_type=\"widget\" data-e-type=\"widget\" data-widget_type=\"text-editor.default\">\n\t\t\t\t<div class=\"elementor-widget-container\">\n\t\t\t\t\t\t\t\t\t<p>Seleccionamos a nuestros instructores expertos entre los mejores profesionales con experiencia internacional. Los formamos en nuestra \u00f3ptica de la educaci\u00f3n canina y de la relaci\u00f3n entre los perros y sus familias.\u00a0<\/p>\t\t\t\t\t\t\t\t<\/div>\n\t\t\t\t<\/div>\n\t\t\t\t<div class=\"elementor-element elementor-element-5028003 elementor-widget elementor-widget-jet-listing-grid\" data-id=\"5028003\" data-element_type=\"widget\" data-e-type=\"widget\" data-settings=\"{&quot;columns&quot;:3,&quot;columns_mobile&quot;:&quot;2&quot;}\" data-widget_type=\"jet-listing-grid.default\">\n\t\t\t\t<div class=\"elementor-widget-container\">\n\t\t\t\t\t<div class=\"jet-listing-grid jet-listing\"><div class=\"jet-listing-grid__items grid-col-desk-3 grid-col-tablet-3 grid-col-mobile-2 jet-listing-grid--376\" data-queried-id=\"17|WP_Post\" data-nav=\"{&quot;enabled&quot;:false,&quot;type&quot;:null,&quot;more_el&quot;:null,&quot;query&quot;:[],&quot;widget_settings&quot;:{&quot;lisitng_id&quot;:376,&quot;posts_num&quot;:6,&quot;columns&quot;:3,&quot;columns_tablet&quot;:3,&quot;columns_mobile&quot;:2,&quot;column_min_width&quot;:240,&quot;column_min_width_tablet&quot;:240,&quot;column_min_width_mobile&quot;:240,&quot;inline_columns_css&quot;:false,&quot;is_archive_template&quot;:&quot;&quot;,&quot;post_status&quot;:[&quot;publish&quot;],&quot;use_random_posts_num&quot;:&quot;&quot;,&quot;max_posts_num&quot;:9,&quot;not_found_message&quot;:&quot;No data was found&quot;,&quot;is_masonry&quot;:false,&quot;equal_columns_height&quot;:&quot;&quot;,&quot;use_load_more&quot;:&quot;&quot;,&quot;load_more_id&quot;:&quot;&quot;,&quot;load_more_type&quot;:&quot;click&quot;,&quot;load_more_offset&quot;:{&quot;unit&quot;:&quot;px&quot;,&quot;size&quot;:0,&quot;sizes&quot;:[]},&quot;use_custom_post_types&quot;:&quot;&quot;,&quot;custom_post_types&quot;:[],&quot;hide_widget_if&quot;:&quot;&quot;,&quot;carousel_enabled&quot;:&quot;&quot;,&quot;slides_to_scroll&quot;:&quot;1&quot;,&quot;arrows&quot;:&quot;true&quot;,&quot;arrow_icon&quot;:&quot;fa fa-angle-left&quot;,&quot;dots&quot;:&quot;&quot;,&quot;autoplay&quot;:&quot;true&quot;,&quot;pause_on_hover&quot;:&quot;true&quot;,&quot;autoplay_speed&quot;:5000,&quot;infinite&quot;:&quot;true&quot;,&quot;center_mode&quot;:&quot;&quot;,&quot;effect&quot;:&quot;slide&quot;,&quot;speed&quot;:500,&quot;inject_alternative_items&quot;:&quot;&quot;,&quot;injection_items&quot;:[],&quot;scroll_slider_enabled&quot;:&quot;&quot;,&quot;scroll_slider_on&quot;:[&quot;desktop&quot;,&quot;tablet&quot;,&quot;mobile&quot;],&quot;custom_query&quot;:false,&quot;custom_query_id&quot;:&quot;&quot;,&quot;_element_id&quot;:&quot;&quot;,&quot;collapse_first_last_gap&quot;:false,&quot;list_items_wrapper_tag&quot;:&quot;div&quot;,&quot;list_item_tag&quot;:&quot;div&quot;,&quot;empty_items_wrapper_tag&quot;:&quot;div&quot;}}\" data-page=\"1\" data-pages=\"1\" data-listing-source=\"posts\" data-listing-id=\"376\" data-query-id=\"\"><div class=\"jet-listing-grid__item jet-listing-dynamic-post-652\" data-post-id=\"652\" >\t\t<div data-elementor-type=\"jet-listing-items\" data-elementor-id=\"376\" class=\"elementor elementor-376\" data-elementor-post-type=\"jet-engine\">\n\t\t\t\t<div class=\"elementor-element elementor-element-0fb39f8 e-flex e-con-boxed e-con e-parent\" data-id=\"0fb39f8\" data-element_type=\"container\" data-e-type=\"container\">\n\t\t\t\t\t<div class=\"e-con-inner\">\n\t\t\t\t<div class=\"elementor-element elementor-element-02a3d8e elementor-widget elementor-widget-image\" data-id=\"02a3d8e\" data-element_type=\"widget\" data-e-type=\"widget\" data-widget_type=\"image.default\">\n\t\t\t\t<div class=\"elementor-widget-container\">\n\t\t\t\t\t\t\t\t\t\t\t\t\t\t\t<img fetchpriority=\"high\" decoding=\"async\" width=\"800\" height=\"789\" src=\"https:\/\/caniscool.es\/wp-content\/uploads\/2024\/07\/sobre-nosotros-banner-1-2-1024x1010.jpg\" class=\"attachment-large size-large wp-image-653\" alt=\"\" srcset=\"https:\/\/caniscool.es\/wp-content\/uploads\/2024\/07\/sobre-nosotros-banner-1-2-1024x1010.jpg 1024w, https:\/\/caniscool.es\/wp-content\/uploads\/2024\/07\/sobre-nosotros-banner-1-2-300x296.jpg 300w, https:\/\/caniscool.es\/wp-content\/uploads\/2024\/07\/sobre-nosotros-banner-1-2-768x757.jpg 768w, https:\/\/caniscool.es\/wp-content\/uploads\/2024\/07\/sobre-nosotros-banner-1-2.jpg 1095w\" sizes=\"(max-width: 800px) 100vw, 800px\" \/>\t\t\t\t\t\t\t\t\t\t\t\t\t\t\t<\/div>\n\t\t\t\t<\/div>\n\t\t\t\t<div class=\"elementor-element elementor-element-9fab9be elementor-widget elementor-widget-heading\" data-id=\"9fab9be\" data-element_type=\"widget\" data-e-type=\"widget\" data-widget_type=\"heading.default\">\n\t\t\t\t<div class=\"elementor-widget-container\">\n\t\t\t\t\t<h3 class=\"elementor-heading-title elementor-size-default\">Zofia Stanecka<\/h3>\t\t\t\t<\/div>\n\t\t\t\t<\/div>\n\t\t\t\t<div class=\"elementor-element elementor-element-6e9dbdc elementor-widget elementor-widget-text-editor\" data-id=\"6e9dbdc\" data-element_type=\"widget\" data-e-type=\"widget\" data-widget_type=\"text-editor.default\">\n\t\t\t\t<div class=\"elementor-widget-container\">\n\t\t\t\t\t\t\t\t\tDirectora\t\t\t\t\t\t\t\t<\/div>\n\t\t\t\t<\/div>\n\t\t\t\t\t<\/div>\n\t\t\t\t<\/div>\n\t\t\t\t<\/div>\n\t\t<\/div><div class=\"jet-listing-grid__item jet-listing-dynamic-post-370\" data-post-id=\"370\" >\t\t<div data-elementor-type=\"jet-listing-items\" data-elementor-id=\"376\" class=\"elementor elementor-376\" data-elementor-post-type=\"jet-engine\">\n\t\t\t\t<div class=\"elementor-element elementor-element-0fb39f8 e-flex e-con-boxed e-con e-parent\" data-id=\"0fb39f8\" data-element_type=\"container\" data-e-type=\"container\">\n\t\t\t\t\t<div class=\"e-con-inner\">\n\t\t\t\t<div class=\"elementor-element elementor-element-02a3d8e elementor-widget elementor-widget-image\" data-id=\"02a3d8e\" data-element_type=\"widget\" data-e-type=\"widget\" data-widget_type=\"image.default\">\n\t\t\t\t<div class=\"elementor-widget-container\">\n\t\t\t\t\t\t\t\t\t\t\t\t\t\t\t<img decoding=\"async\" width=\"800\" height=\"800\" src=\"https:\/\/caniscool.es\/wp-content\/uploads\/2024\/06\/WhatsApp-Image-2025-05-27-at-11.25.06-1024x1024.jpeg\" class=\"attachment-large size-large wp-image-1400\" alt=\"\" srcset=\"https:\/\/caniscool.es\/wp-content\/uploads\/2024\/06\/WhatsApp-Image-2025-05-27-at-11.25.06-1024x1024.jpeg 1024w, https:\/\/caniscool.es\/wp-content\/uploads\/2024\/06\/WhatsApp-Image-2025-05-27-at-11.25.06-300x300.jpeg 300w, https:\/\/caniscool.es\/wp-content\/uploads\/2024\/06\/WhatsApp-Image-2025-05-27-at-11.25.06-150x150.jpeg 150w, https:\/\/caniscool.es\/wp-content\/uploads\/2024\/06\/WhatsApp-Image-2025-05-27-at-11.25.06-768x768.jpeg 768w, https:\/\/caniscool.es\/wp-content\/uploads\/2024\/06\/WhatsApp-Image-2025-05-27-at-11.25.06-1536x1536.jpeg 1536w, https:\/\/caniscool.es\/wp-content\/uploads\/2024\/06\/WhatsApp-Image-2025-05-27-at-11.25.06-12x12.jpeg 12w, https:\/\/caniscool.es\/wp-content\/uploads\/2024\/06\/WhatsApp-Image-2025-05-27-at-11.25.06-600x600.jpeg 600w, https:\/\/caniscool.es\/wp-content\/uploads\/2024\/06\/WhatsApp-Image-2025-05-27-at-11.25.06-100x100.jpeg 100w, https:\/\/caniscool.es\/wp-content\/uploads\/2024\/06\/WhatsApp-Image-2025-05-27-at-11.25.06.jpeg 1600w\" sizes=\"(max-width: 800px) 100vw, 800px\" \/>\t\t\t\t\t\t\t\t\t\t\t\t\t\t\t<\/div>\n\t\t\t\t<\/div>\n\t\t\t\t<div class=\"elementor-element elementor-element-9fab9be elementor-widget elementor-widget-heading\" data-id=\"9fab9be\" data-element_type=\"widget\" data-e-type=\"widget\" data-widget_type=\"heading.default\">\n\t\t\t\t<div class=\"elementor-widget-container\">\n\t\t\t\t\t<h3 class=\"elementor-heading-title elementor-size-default\">Anna Valsells<\/h3>\t\t\t\t<\/div>\n\t\t\t\t<\/div>\n\t\t\t\t<div class=\"elementor-element elementor-element-6e9dbdc elementor-widget elementor-widget-text-editor\" data-id=\"6e9dbdc\" data-element_type=\"widget\" data-e-type=\"widget\" data-widget_type=\"text-editor.default\">\n\t\t\t\t<div class=\"elementor-widget-container\">\n\t\t\t\t\t\t\t\t\tSenior Instructor\u200b\t\t\t\t\t\t\t\t<\/div>\n\t\t\t\t<\/div>\n\t\t\t\t\t<\/div>\n\t\t\t\t<\/div>\n\t\t\t\t<\/div>\n\t\t<\/div><div class=\"jet-listing-grid__item jet-listing-dynamic-post-1510\" data-post-id=\"1510\" >\t\t<div data-elementor-type=\"jet-listing-items\" data-elementor-id=\"376\" class=\"elementor elementor-376\" data-elementor-post-type=\"jet-engine\">\n\t\t\t\t<div class=\"elementor-element elementor-element-0fb39f8 e-flex e-con-boxed e-con e-parent\" data-id=\"0fb39f8\" data-element_type=\"container\" data-e-type=\"container\">\n\t\t\t\t\t<div class=\"e-con-inner\">\n\t\t\t\t<div class=\"elementor-element elementor-element-02a3d8e elementor-widget elementor-widget-image\" data-id=\"02a3d8e\" data-element_type=\"widget\" data-e-type=\"widget\" data-widget_type=\"image.default\">\n\t\t\t\t<div class=\"elementor-widget-container\">\n\t\t\t\t\t\t\t\t\t\t\t\t\t\t\t<img decoding=\"async\" width=\"800\" height=\"800\" src=\"https:\/\/caniscool.es\/wp-content\/uploads\/2025\/11\/WhatsApp-Image-2025-11-06-at-09.06.51-1024x1024.jpeg\" class=\"attachment-large size-large wp-image-1511\" alt=\"\" srcset=\"https:\/\/caniscool.es\/wp-content\/uploads\/2025\/11\/WhatsApp-Image-2025-11-06-at-09.06.51-1024x1024.jpeg 1024w, https:\/\/caniscool.es\/wp-content\/uploads\/2025\/11\/WhatsApp-Image-2025-11-06-at-09.06.51-300x300.jpeg 300w, https:\/\/caniscool.es\/wp-content\/uploads\/2025\/11\/WhatsApp-Image-2025-11-06-at-09.06.51-150x150.jpeg 150w, https:\/\/caniscool.es\/wp-content\/uploads\/2025\/11\/WhatsApp-Image-2025-11-06-at-09.06.51-768x768.jpeg 768w, https:\/\/caniscool.es\/wp-content\/uploads\/2025\/11\/WhatsApp-Image-2025-11-06-at-09.06.51-1536x1536.jpeg 1536w, https:\/\/caniscool.es\/wp-content\/uploads\/2025\/11\/WhatsApp-Image-2025-11-06-at-09.06.51-12x12.jpeg 12w, https:\/\/caniscool.es\/wp-content\/uploads\/2025\/11\/WhatsApp-Image-2025-11-06-at-09.06.51-600x600.jpeg 600w, https:\/\/caniscool.es\/wp-content\/uploads\/2025\/11\/WhatsApp-Image-2025-11-06-at-09.06.51-100x100.jpeg 100w, https:\/\/caniscool.es\/wp-content\/uploads\/2025\/11\/WhatsApp-Image-2025-11-06-at-09.06.51.jpeg 1600w\" sizes=\"(max-width: 800px) 100vw, 800px\" \/>\t\t\t\t\t\t\t\t\t\t\t\t\t\t\t<\/div>\n\t\t\t\t<\/div>\n\t\t\t\t<div class=\"elementor-element elementor-element-9fab9be elementor-widget elementor-widget-heading\" data-id=\"9fab9be\" data-element_type=\"widget\" data-e-type=\"widget\" data-widget_type=\"heading.default\">\n\t\t\t\t<div class=\"elementor-widget-container\">\n\t\t\t\t\t<h3 class=\"elementor-heading-title elementor-size-default\">Ulph<\/h3>\t\t\t\t<\/div>\n\t\t\t\t<\/div>\n\t\t\t\t<div class=\"elementor-element elementor-element-6e9dbdc elementor-widget elementor-widget-text-editor\" data-id=\"6e9dbdc\" data-element_type=\"widget\" data-e-type=\"widget\" data-widget_type=\"text-editor.default\">\n\t\t\t\t<div class=\"elementor-widget-container\">\n\t\t\t\t\t\t\t\t\tSe\u00f1or Instructor\t\t\t\t\t\t\t\t<\/div>\n\t\t\t\t<\/div>\n\t\t\t\t\t<\/div>\n\t\t\t\t<\/div>\n\t\t\t\t<\/div>\n\t\t<\/div><div class=\"jet-listing-grid__item jet-listing-dynamic-post-372\" data-post-id=\"372\" >\t\t<div data-elementor-type=\"jet-listing-items\" data-elementor-id=\"376\" class=\"elementor elementor-376\" data-elementor-post-type=\"jet-engine\">\n\t\t\t\t<div class=\"elementor-element elementor-element-0fb39f8 e-flex e-con-boxed e-con e-parent\" data-id=\"0fb39f8\" data-element_type=\"container\" data-e-type=\"container\">\n\t\t\t\t\t<div class=\"e-con-inner\">\n\t\t\t\t<div class=\"elementor-element elementor-element-02a3d8e elementor-widget elementor-widget-image\" data-id=\"02a3d8e\" data-element_type=\"widget\" data-e-type=\"widget\" data-widget_type=\"image.default\">\n\t\t\t\t<div class=\"elementor-widget-container\">\n\t\t\t\t\t\t\t\t\t\t\t\t\t\t\t<img loading=\"lazy\" decoding=\"async\" width=\"500\" height=\"500\" src=\"https:\/\/caniscool.es\/wp-content\/uploads\/2024\/06\/Photo1-2.jpg\" class=\"attachment-large size-large wp-image-362\" alt=\"\" srcset=\"https:\/\/caniscool.es\/wp-content\/uploads\/2024\/06\/Photo1-2.jpg 500w, https:\/\/caniscool.es\/wp-content\/uploads\/2024\/06\/Photo1-2-300x300.jpg 300w, https:\/\/caniscool.es\/wp-content\/uploads\/2024\/06\/Photo1-2-150x150.jpg 150w\" sizes=\"(max-width: 500px) 100vw, 500px\" \/>\t\t\t\t\t\t\t\t\t\t\t\t\t\t\t<\/div>\n\t\t\t\t<\/div>\n\t\t\t\t<div class=\"elementor-element elementor-element-9fab9be elementor-widget elementor-widget-heading\" data-id=\"9fab9be\" data-element_type=\"widget\" data-e-type=\"widget\" data-widget_type=\"heading.default\">\n\t\t\t\t<div class=\"elementor-widget-container\">\n\t\t\t\t\t<h3 class=\"elementor-heading-title elementor-size-default\">Liliana Gargas\u200b<\/h3>\t\t\t\t<\/div>\n\t\t\t\t<\/div>\n\t\t\t\t<div class=\"elementor-element elementor-element-6e9dbdc elementor-widget elementor-widget-text-editor\" data-id=\"6e9dbdc\" data-element_type=\"widget\" data-e-type=\"widget\" data-widget_type=\"text-editor.default\">\n\t\t\t\t<div class=\"elementor-widget-container\">\n\t\t\t\t\t\t\t\t\tSenior Instructor\u200b\t\t\t\t\t\t\t\t<\/div>\n\t\t\t\t<\/div>\n\t\t\t\t\t<\/div>\n\t\t\t\t<\/div>\n\t\t\t\t<\/div>\n\t\t<\/div><\/div><\/div>\t\t\t\t<\/div>\n\t\t\t\t<\/div>\n\t\t\t\t\t<\/div>\n\t\t\t\t<\/div>\n\t\t\t\t<\/div>","protected":false},"excerpt":{"rendered":"<p>Sobre Nosotros Soy Zofia Stanecka, soci\u00f3loga de familia y apasionada de los perros.\u200b Cuando empec\u00e9 en el mundo de la ense\u00f1anza canina, me di cuenta de que no se puede reducir la educaci\u00f3n del perro a un adiestramiento aislado de su contexto familiar. Entend\u00ed la importancia de ubicar al perro en el sistema que compone [&hellip;]<\/p>","protected":false},"author":1,"featured_media":0,"parent":0,"menu_order":0,"comment_status":"closed","ping_status":"closed","template":"","meta":{"footnotes":""},"class_list":["post-17","page","type-page","status-publish","hentry"],"_links":{"self":[{"href":"https:\/\/caniscool.es\/en\/wp-json\/wp\/v2\/pages\/17","targetHints":{"allow":["GET"]}}],"collection":[{"href":"https:\/\/caniscool.es\/en\/wp-json\/wp\/v2\/pages"}],"about":[{"href":"https:\/\/caniscool.es\/en\/wp-json\/wp\/v2\/types\/page"}],"author":[{"embeddable":true,"href":"https:\/\/caniscool.es\/en\/wp-json\/wp\/v2\/users\/1"}],"replies":[{"embeddable":true,"href":"https:\/\/caniscool.es\/en\/wp-json\/wp\/v2\/comments?post=17"}],"version-history":[{"count":76,"href":"https:\/\/caniscool.es\/en\/wp-json\/wp\/v2\/pages\/17\/revisions"}],"predecessor-version":[{"id":1656,"href":"https:\/\/caniscool.es\/en\/wp-json\/wp\/v2\/pages\/17\/revisions\/1656"}],"wp:attachment":[{"href":"https:\/\/caniscool.es\/en\/wp-json\/wp\/v2\/media?parent=17"}],"curies":[{"name":"wp","href":"https:\/\/api.w.org\/{rel}","templated":true}]}}