{"id":13,"date":"2024-06-12T16:53:04","date_gmt":"2024-06-12T14:53:04","guid":{"rendered":"https:\/\/caniscool.es\/?page_id=13"},"modified":"2025-01-17T21:51:42","modified_gmt":"2025-01-17T19:51:42","slug":"metodo","status":"publish","type":"page","link":"https:\/\/caniscool.es\/en\/metodo\/","title":{"rendered":"El M\u00e9todo"},"content":{"rendered":"<div data-elementor-type=\"wp-page\" data-elementor-id=\"13\" class=\"elementor elementor-13\" data-elementor-post-type=\"page\">\n\t\t\t\t<div class=\"elementor-element elementor-element-e1a2614 e-flex e-con-boxed e-con e-parent\" data-id=\"e1a2614\" data-element_type=\"container\" data-e-type=\"container\" data-settings=\"{&quot;background_background&quot;:&quot;classic&quot;}\">\n\t\t\t\t\t<div class=\"e-con-inner\">\n\t\t<div class=\"elementor-element elementor-element-07d73da e-flex e-con-boxed e-con e-child\" data-id=\"07d73da\" data-element_type=\"container\" data-e-type=\"container\">\n\t\t\t\t\t<div class=\"e-con-inner\">\n\t\t\t\t<div class=\"elementor-element elementor-element-30351fa elementor-widget elementor-widget-heading\" data-id=\"30351fa\" data-element_type=\"widget\" data-e-type=\"widget\" data-widget_type=\"heading.default\">\n\t\t\t\t<div class=\"elementor-widget-container\">\n\t\t\t\t\t<h1 class=\"elementor-heading-title elementor-size-default\">Basamos nuestro<br>\nm\u00e9todo en ciencia,<br>\nno en mitos sobre<br>\nla educaci\u00f3n canina<\/h1>\t\t\t\t<\/div>\n\t\t\t\t<\/div>\n\t\t\t\t<div class=\"elementor-element elementor-element-efea63b elementor-mobile-align-justify elementor-widget elementor-widget-button\" data-id=\"efea63b\" data-element_type=\"widget\" data-e-type=\"widget\" data-widget_type=\"button.default\">\n\t\t\t\t<div class=\"elementor-widget-container\">\n\t\t\t\t\t\t\t\t\t<div class=\"elementor-button-wrapper\">\n\t\t\t\t\t<a class=\"elementor-button elementor-button-link elementor-size-sm\" href=\"https:\/\/caniscool.es\/en\/sesion-diagnostica-n\/\">\n\t\t\t\t\t\t<span class=\"elementor-button-content-wrapper\">\n\t\t\t\t\t\t\t\t\t<span class=\"elementor-button-text\">SOLICITA TU DIAGN\u00d3STICO<\/span>\n\t\t\t\t\t<\/span>\n\t\t\t\t\t<\/a>\n\t\t\t\t<\/div>\n\t\t\t\t\t\t\t\t<\/div>\n\t\t\t\t<\/div>\n\t\t\t\t\t<\/div>\n\t\t\t\t<\/div>\n\t\t<div class=\"elementor-element elementor-element-0259c7b e-flex e-con-boxed e-con e-child\" data-id=\"0259c7b\" data-element_type=\"container\" data-e-type=\"container\">\n\t\t\t\t\t<div class=\"e-con-inner\">\n\t\t\t\t\t<\/div>\n\t\t\t\t<\/div>\n\t\t\t\t\t<\/div>\n\t\t\t\t<\/div>\n\t\t<div class=\"elementor-element elementor-element-870d4df e-flex e-con-boxed e-con e-parent\" data-id=\"870d4df\" data-element_type=\"container\" data-e-type=\"container\">\n\t\t\t\t\t<div class=\"e-con-inner\">\n\t\t<div class=\"elementor-element elementor-element-1469b47 e-con-full e-flex e-con e-child\" data-id=\"1469b47\" data-element_type=\"container\" data-e-type=\"container\">\n\t\t\t\t<div class=\"elementor-element elementor-element-ff5704e elementor-widget elementor-widget-image\" data-id=\"ff5704e\" data-element_type=\"widget\" data-e-type=\"widget\" data-widget_type=\"image.default\">\n\t\t\t\t<div class=\"elementor-widget-container\">\n\t\t\t\t\t\t\t\t\t\t\t\t\t\t\t<img fetchpriority=\"high\" decoding=\"async\" width=\"800\" height=\"800\" src=\"https:\/\/caniscool.es\/wp-content\/uploads\/2024\/10\/Family-Gif-METODO.gif\" class=\"attachment-large size-large wp-image-853\" alt=\"\" \/>\t\t\t\t\t\t\t\t\t\t\t\t\t\t\t<\/div>\n\t\t\t\t<\/div>\n\t\t\t\t<\/div>\n\t\t<div class=\"elementor-element elementor-element-77e3dfc e-con-full e-flex e-con e-child\" data-id=\"77e3dfc\" data-element_type=\"container\" data-e-type=\"container\">\n\t\t\t\t<div class=\"elementor-element elementor-element-1c741f5 elementor-hidden-tablet elementor-hidden-mobile elementor-widget elementor-widget-text-editor\" data-id=\"1c741f5\" data-element_type=\"widget\" data-e-type=\"widget\" data-widget_type=\"text-editor.default\">\n\t\t\t\t<div class=\"elementor-widget-container\">\n\t\t\t\t\t\t\t\t\t<p>Escolarizamos con un m\u00e9todo de aprendizaje te\u00f3rico y pr\u00e1ctico, buscando que el resultado sea una absoluta comprensi\u00f3n del perro, no un simple adiestramiento.<\/p>\t\t\t\t\t\t\t\t<\/div>\n\t\t\t\t<\/div>\n\t\t\t\t<div class=\"elementor-element elementor-element-efb8d71 elementor-widget elementor-widget-text-editor\" data-id=\"efb8d71\" data-element_type=\"widget\" data-e-type=\"widget\" data-widget_type=\"text-editor.default\">\n\t\t\t\t<div class=\"elementor-widget-container\">\n\t\t\t\t\t\t\t\t\t<p>Ense\u00f1amos a las familias c\u00f3mo crear una conexi\u00f3n \u00fanica con sus perros, que les permitir\u00e1 gestionar cualquier situaci\u00f3n en su futura vida juntos.<\/p>\t\t\t\t\t\t\t\t<\/div>\n\t\t\t\t<\/div>\n\t\t\t\t<\/div>\n\t\t\t\t\t<\/div>\n\t\t\t\t<\/div>\n\t\t<div class=\"elementor-element elementor-element-8ff4e4b e-flex e-con-boxed e-con e-parent\" data-id=\"8ff4e4b\" data-element_type=\"container\" data-e-type=\"container\">\n\t\t\t\t\t<div class=\"e-con-inner\">\n\t\t\t\t<div class=\"elementor-element elementor-element-d295608 elementor-widget elementor-widget-video\" data-id=\"d295608\" data-element_type=\"widget\" data-e-type=\"widget\" data-settings=\"{&quot;video_type&quot;:&quot;vimeo&quot;,&quot;autoplay&quot;:&quot;yes&quot;,&quot;play_on_mobile&quot;:&quot;yes&quot;,&quot;loop&quot;:&quot;yes&quot;}\" data-widget_type=\"video.default\">\n\t\t\t\t<div class=\"elementor-widget-container\">\n\t\t\t\t\t\t\t<div class=\"elementor-wrapper elementor-open-inline\">\n\t\t\t<iframe class=\"elementor-video-iframe\" allowfullscreen allow=\"autoplay\" title=\"Reproductor de v\u00eddeo vimeo\" src=\"https:\/\/player.vimeo.com\/video\/719024688?autoplay=1&amp;playsinline=1&amp;color&amp;autopause=0&amp;loop=1&amp;muted=0&amp;title=1&amp;portrait=1&amp;byline=1&amp;h=bff3c7a721#t=\"><\/iframe>\t\t<\/div>\n\t\t\t\t\t\t<\/div>\n\t\t\t\t<\/div>\n\t\t\t\t\t<\/div>\n\t\t\t\t<\/div>\n\t\t<div class=\"elementor-element elementor-element-dedc742 e-flex e-con-boxed e-con e-parent\" data-id=\"dedc742\" data-element_type=\"container\" data-e-type=\"container\">\n\t\t\t\t\t<div class=\"e-con-inner\">\n\t\t\t\t<div class=\"elementor-element elementor-element-9d5f750 elementor-widget elementor-widget-text-editor\" data-id=\"9d5f750\" data-element_type=\"widget\" data-e-type=\"widget\" data-widget_type=\"text-editor.default\">\n\t\t\t\t<div class=\"elementor-widget-container\">\n\t\t\t\t\t\t\t\t\t<p>Nos enfocamos en los aspectos individuales de cada cachorro y cada familia.<br \/>Siempre empezamos con una consulta personalizada en la que analizamos la situaci\u00f3n de cada familia y sus necesidades.<\/p>\t\t\t\t\t\t\t\t<\/div>\n\t\t\t\t<\/div>\n\t\t\t\t<div class=\"elementor-element elementor-element-8444d14 elementor-mobile-align-justify elementor-align-center elementor-widget elementor-widget-button\" data-id=\"8444d14\" data-element_type=\"widget\" data-e-type=\"widget\" data-widget_type=\"button.default\">\n\t\t\t\t<div class=\"elementor-widget-container\">\n\t\t\t\t\t\t\t\t\t<div class=\"elementor-button-wrapper\">\n\t\t\t\t\t<a class=\"elementor-button elementor-button-link elementor-size-sm\" href=\"https:\/\/caniscool.es\/en\/sesion-diagnostica-n\/\">\n\t\t\t\t\t\t<span class=\"elementor-button-content-wrapper\">\n\t\t\t\t\t\t\t\t\t<span class=\"elementor-button-text\">SOLICITA TU DIAGN\u00d3STICO<\/span>\n\t\t\t\t\t<\/span>\n\t\t\t\t\t<\/a>\n\t\t\t\t<\/div>\n\t\t\t\t\t\t\t\t<\/div>\n\t\t\t\t<\/div>\n\t\t\t\t\t<\/div>\n\t\t\t\t<\/div>\n\t\t<div class=\"elementor-element elementor-element-a6ef370 e-flex e-con-boxed e-con e-parent\" data-id=\"a6ef370\" data-element_type=\"container\" data-e-type=\"container\" data-settings=\"{&quot;background_background&quot;:&quot;classic&quot;}\">\n\t\t\t\t\t<div class=\"e-con-inner\">\n\t\t\t\t<div class=\"elementor-element elementor-element-443e182 elementor-widget elementor-widget-heading\" data-id=\"443e182\" data-element_type=\"widget\" data-e-type=\"widget\" data-widget_type=\"heading.default\">\n\t\t\t\t<div class=\"elementor-widget-container\">\n\t\t\t\t\t<h2 class=\"elementor-heading-title elementor-size-default\">Nuestro m\u00e9todo de escolarizaci\u00f3n rota en torno de 3 ejes:<\/h2>\t\t\t\t<\/div>\n\t\t\t\t<\/div>\n\t\t<div class=\"elementor-element elementor-element-97c88ae e-grid e-con-boxed e-con e-child\" data-id=\"97c88ae\" data-element_type=\"container\" data-e-type=\"container\">\n\t\t\t\t\t<div class=\"e-con-inner\">\n\t\t\t\t<div class=\"elementor-element elementor-element-88f9e4b elementor-position-top elementor-widget elementor-widget-image-box\" data-id=\"88f9e4b\" data-element_type=\"widget\" data-e-type=\"widget\" data-widget_type=\"image-box.default\">\n\t\t\t\t<div class=\"elementor-widget-container\">\n\t\t\t\t\t<div class=\"elementor-image-box-wrapper\"><figure class=\"elementor-image-box-img\"><img decoding=\"async\" width=\"304\" height=\"329\" src=\"https:\/\/caniscool.es\/wp-content\/uploads\/2024\/12\/icono-2.png\" class=\"attachment-full size-full wp-image-904\" alt=\"\" srcset=\"https:\/\/caniscool.es\/wp-content\/uploads\/2024\/12\/icono-2.png 304w, https:\/\/caniscool.es\/wp-content\/uploads\/2024\/12\/icono-2-277x300.png 277w\" sizes=\"(max-width: 304px) 100vw, 304px\" \/><\/figure><div class=\"elementor-image-box-content\"><h3 class=\"elementor-image-box-title\">Competencias sociales y emocionales<\/h3><p class=\"elementor-image-box-description\">Todo lo que tu cachorro necesita para construir una relaci\u00f3n estable con el mundo que le rodea: la socializaci\u00f3n equilibrada, la estabilidad emocional y el autocontro<\/p><\/div><\/div>\t\t\t\t<\/div>\n\t\t\t\t<\/div>\n\t\t\t\t<div class=\"elementor-element elementor-element-fd2fafc elementor-position-top elementor-widget elementor-widget-image-box\" data-id=\"fd2fafc\" data-element_type=\"widget\" data-e-type=\"widget\" data-widget_type=\"image-box.default\">\n\t\t\t\t<div class=\"elementor-widget-container\">\n\t\t\t\t\t<div class=\"elementor-image-box-wrapper\"><figure class=\"elementor-image-box-img\"><img decoding=\"async\" width=\"304\" height=\"331\" src=\"https:\/\/caniscool.es\/wp-content\/uploads\/2024\/12\/icono-1.png\" class=\"attachment-full size-full wp-image-905\" alt=\"\" srcset=\"https:\/\/caniscool.es\/wp-content\/uploads\/2024\/12\/icono-1.png 304w, https:\/\/caniscool.es\/wp-content\/uploads\/2024\/12\/icono-1-276x300.png 276w\" sizes=\"(max-width: 304px) 100vw, 304px\" \/><\/figure><div class=\"elementor-image-box-content\"><h3 class=\"elementor-image-box-title\">Fundamentos de educaci\u00f3n<\/h3><p class=\"elementor-image-box-description\">Os ayudamos a crear una base s\u00f3lida de buenos h\u00e1bitos que tu cachorro necesita para adaptarse a tu familia y a la sociedad humana, siguiendo las normas de convivencia.<\/p><\/div><\/div>\t\t\t\t<\/div>\n\t\t\t\t<\/div>\n\t\t\t\t<div class=\"elementor-element elementor-element-50ce3c4 elementor-position-top elementor-widget elementor-widget-image-box\" data-id=\"50ce3c4\" data-element_type=\"widget\" data-e-type=\"widget\" data-widget_type=\"image-box.default\">\n\t\t\t\t<div class=\"elementor-widget-container\">\n\t\t\t\t\t<div class=\"elementor-image-box-wrapper\"><figure class=\"elementor-image-box-img\"><img loading=\"lazy\" decoding=\"async\" width=\"304\" height=\"320\" src=\"https:\/\/caniscool.es\/wp-content\/uploads\/2024\/12\/icono-3.png\" class=\"attachment-full size-full wp-image-906\" alt=\"\" srcset=\"https:\/\/caniscool.es\/wp-content\/uploads\/2024\/12\/icono-3.png 304w, https:\/\/caniscool.es\/wp-content\/uploads\/2024\/12\/icono-3-285x300.png 285w\" sizes=\"(max-width: 304px) 100vw, 304px\" \/><\/figure><div class=\"elementor-image-box-content\"><h3 class=\"elementor-image-box-title\">Gu\u00eda competente<\/h3><p class=\"elementor-image-box-description\">Te convertimos en un experto de tu perro para que lo comprendas en profundidad  y te alejes de la falsas expectativas sobre la educaci\u00f3n canina y comportamiento del perro.<\/p><\/div><\/div>\t\t\t\t<\/div>\n\t\t\t\t<\/div>\n\t\t\t\t\t<\/div>\n\t\t\t\t<\/div>\n\t\t\t\t\t<\/div>\n\t\t\t\t<\/div>\n\t\t<div class=\"elementor-element elementor-element-1803412 e-flex e-con-boxed e-con e-parent\" data-id=\"1803412\" data-element_type=\"container\" data-e-type=\"container\">\n\t\t\t\t\t<div class=\"e-con-inner\">\n\t\t\t\t<div class=\"elementor-element elementor-element-32acd52 elementor-widget elementor-widget-heading\" data-id=\"32acd52\" data-element_type=\"widget\" data-e-type=\"widget\" data-widget_type=\"heading.default\">\n\t\t\t\t<div class=\"elementor-widget-container\">\n\t\t\t\t\t<h2 class=\"elementor-heading-title elementor-size-default\">Solo 8 semanas para forjar los 3 principales ejes de vuestra relaci\u00f3n\nbasada en comprensi\u00f3n, confianza y mutuo respeto.<br>\nOs preparamos para crecer y construir vuestro futuro feliz juntos.<\/h2>\t\t\t\t<\/div>\n\t\t\t\t<\/div>\n\t\t\t\t<div class=\"elementor-element elementor-element-97ed1b0 elementor-align-center elementor-mobile-align-justify elementor-widget elementor-widget-button\" data-id=\"97ed1b0\" data-element_type=\"widget\" data-e-type=\"widget\" data-widget_type=\"button.default\">\n\t\t\t\t<div class=\"elementor-widget-container\">\n\t\t\t\t\t\t\t\t\t<div class=\"elementor-button-wrapper\">\n\t\t\t\t\t<a class=\"elementor-button elementor-button-link elementor-size-sm\" href=\"https:\/\/caniscool.es\/en\/sesion-diagnostica-n\/\">\n\t\t\t\t\t\t<span class=\"elementor-button-content-wrapper\">\n\t\t\t\t\t\t\t\t\t<span class=\"elementor-button-text\">SOLICITA TU DIAGN\u00d3STICO<\/span>\n\t\t\t\t\t<\/span>\n\t\t\t\t\t<\/a>\n\t\t\t\t<\/div>\n\t\t\t\t\t\t\t\t<\/div>\n\t\t\t\t<\/div>\n\t\t\t\t<div class=\"elementor-element elementor-element-31b9822 elementor-hidden-desktop elementor-widget elementor-widget-image-carousel\" data-id=\"31b9822\" data-element_type=\"widget\" data-e-type=\"widget\" data-settings=\"{&quot;slides_to_show&quot;:&quot;4&quot;,&quot;navigation&quot;:&quot;none&quot;,&quot;autoplay_speed&quot;:0,&quot;speed&quot;:6000,&quot;slides_to_show_mobile&quot;:&quot;1&quot;,&quot;autoplay&quot;:&quot;yes&quot;,&quot;pause_on_hover&quot;:&quot;yes&quot;,&quot;pause_on_interaction&quot;:&quot;yes&quot;,&quot;infinite&quot;:&quot;yes&quot;,&quot;image_spacing_custom&quot;:{&quot;unit&quot;:&quot;px&quot;,&quot;size&quot;:20,&quot;sizes&quot;:[]},&quot;image_spacing_custom_tablet&quot;:{&quot;unit&quot;:&quot;px&quot;,&quot;size&quot;:&quot;&quot;,&quot;sizes&quot;:[]}}\" data-widget_type=\"image-carousel.default\">\n\t\t\t\t<div class=\"elementor-widget-container\">\n\t\t\t\t\t\t\t<div class=\"elementor-image-carousel-wrapper swiper\" role=\"region\" aria-roledescription=\"carousel\" aria-label=\"Image Carousel\" dir=\"ltr\">\n\t\t\t<div class=\"elementor-image-carousel swiper-wrapper swiper-image-stretch\" aria-live=\"off\">\n\t\t\t\t\t\t\t\t<div class=\"swiper-slide\" role=\"group\" aria-roledescription=\"slide\" aria-label=\"1 de 6\"><figure class=\"swiper-slide-inner\"><img decoding=\"async\" class=\"swiper-slide-image\" src=\"https:\/\/caniscool.es\/wp-content\/uploads\/2024\/06\/Parte-5-METODO-abajo-e.webp\" alt=\"Parte-5-METODO-abajo-e\" \/><\/figure><\/div><div class=\"swiper-slide\" role=\"group\" aria-roledescription=\"slide\" aria-label=\"2 de 6\"><figure class=\"swiper-slide-inner\"><img decoding=\"async\" class=\"swiper-slide-image\" src=\"https:\/\/caniscool.es\/wp-content\/uploads\/2024\/06\/Parte-5-METODO-abajo-f.webp\" alt=\"Parte-5-METODO-abajo-f\" \/><\/figure><\/div><div class=\"swiper-slide\" role=\"group\" aria-roledescription=\"slide\" aria-label=\"3 de 6\"><figure class=\"swiper-slide-inner\"><img decoding=\"async\" class=\"swiper-slide-image\" src=\"https:\/\/caniscool.es\/wp-content\/uploads\/2024\/06\/Parte-5-METODO-b.webp\" alt=\"Parte-5-METODO-b\" \/><\/figure><\/div><div class=\"swiper-slide\" role=\"group\" aria-roledescription=\"slide\" aria-label=\"4 de 6\"><figure class=\"swiper-slide-inner\"><img decoding=\"async\" class=\"swiper-slide-image\" src=\"https:\/\/caniscool.es\/wp-content\/uploads\/2024\/06\/Parte-5-METODO-a.webp\" alt=\"Parte-5-METODO-a\" \/><\/figure><\/div><div class=\"swiper-slide\" role=\"group\" aria-roledescription=\"slide\" aria-label=\"5 de 6\"><figure class=\"swiper-slide-inner\"><img decoding=\"async\" class=\"swiper-slide-image\" src=\"https:\/\/caniscool.es\/wp-content\/uploads\/2024\/06\/Parte-5-METODO-abajo-c.webp\" alt=\"Parte-5-METODO-abajo-c\" \/><\/figure><\/div><div class=\"swiper-slide\" role=\"group\" aria-roledescription=\"slide\" aria-label=\"6 de 6\"><figure class=\"swiper-slide-inner\"><img decoding=\"async\" class=\"swiper-slide-image\" src=\"https:\/\/caniscool.es\/wp-content\/uploads\/2024\/06\/Parte-5-METODO-abajo-d.webp\" alt=\"Parte-5-METODO-abajo-d\" \/><\/figure><\/div>\t\t\t<\/div>\n\t\t\t\t\t\t\t\n\t\t\t\t\t\t\t\t\t<\/div>\n\t\t\t\t\t\t<\/div>\n\t\t\t\t<\/div>\n\t\t\t\t<div class=\"elementor-element elementor-element-7f83f86 gallery-spacing-custom elementor-hidden-tablet elementor-hidden-mobile elementor-widget elementor-widget-image-gallery\" data-id=\"7f83f86\" data-element_type=\"widget\" data-e-type=\"widget\" data-widget_type=\"image-gallery.default\">\n\t\t\t\t<div class=\"elementor-widget-container\">\n\t\t\t\t\t\t\t<div class=\"elementor-image-gallery\">\n\t\t\t<div id='gallery-1' class='gallery galleryid-13 gallery-columns-3 gallery-size-full'><figure class='gallery-item'>\n\t\t\t<div class='gallery-icon landscape'>\n\t\t\t\t<img loading=\"lazy\" decoding=\"async\" width=\"500\" height=\"500\" src=\"https:\/\/caniscool.es\/wp-content\/uploads\/2024\/06\/Parte-5-METODO-b.webp\" class=\"attachment-full size-full\" alt=\"\" srcset=\"https:\/\/caniscool.es\/wp-content\/uploads\/2024\/06\/Parte-5-METODO-b.webp 500w, https:\/\/caniscool.es\/wp-content\/uploads\/2024\/06\/Parte-5-METODO-b-300x300.webp 300w, https:\/\/caniscool.es\/wp-content\/uploads\/2024\/06\/Parte-5-METODO-b-150x150.webp 150w\" sizes=\"(max-width: 500px) 100vw, 500px\" \/>\n\t\t\t<\/div><\/figure><figure class='gallery-item'>\n\t\t\t<div class='gallery-icon landscape'>\n\t\t\t\t<img loading=\"lazy\" decoding=\"async\" width=\"500\" height=\"500\" src=\"https:\/\/caniscool.es\/wp-content\/uploads\/2024\/06\/Parte-5-METODO-abajo-f.webp\" class=\"attachment-full size-full\" alt=\"\" srcset=\"https:\/\/caniscool.es\/wp-content\/uploads\/2024\/06\/Parte-5-METODO-abajo-f.webp 500w, https:\/\/caniscool.es\/wp-content\/uploads\/2024\/06\/Parte-5-METODO-abajo-f-300x300.webp 300w, https:\/\/caniscool.es\/wp-content\/uploads\/2024\/06\/Parte-5-METODO-abajo-f-150x150.webp 150w\" sizes=\"(max-width: 500px) 100vw, 500px\" \/>\n\t\t\t<\/div><\/figure><figure class='gallery-item'>\n\t\t\t<div class='gallery-icon landscape'>\n\t\t\t\t<img loading=\"lazy\" decoding=\"async\" width=\"500\" height=\"500\" src=\"https:\/\/caniscool.es\/wp-content\/uploads\/2024\/06\/Parte-5-METODO-abajo-e.webp\" class=\"attachment-full size-full\" alt=\"\" srcset=\"https:\/\/caniscool.es\/wp-content\/uploads\/2024\/06\/Parte-5-METODO-abajo-e.webp 500w, https:\/\/caniscool.es\/wp-content\/uploads\/2024\/06\/Parte-5-METODO-abajo-e-300x300.webp 300w, https:\/\/caniscool.es\/wp-content\/uploads\/2024\/06\/Parte-5-METODO-abajo-e-150x150.webp 150w\" sizes=\"(max-width: 500px) 100vw, 500px\" \/>\n\t\t\t<\/div><\/figure><figure class='gallery-item'>\n\t\t\t<div class='gallery-icon landscape'>\n\t\t\t\t<img loading=\"lazy\" decoding=\"async\" width=\"500\" height=\"500\" src=\"https:\/\/caniscool.es\/wp-content\/uploads\/2024\/06\/Parte-5-METODO-abajo-d.webp\" class=\"attachment-full size-full\" alt=\"\" srcset=\"https:\/\/caniscool.es\/wp-content\/uploads\/2024\/06\/Parte-5-METODO-abajo-d.webp 500w, https:\/\/caniscool.es\/wp-content\/uploads\/2024\/06\/Parte-5-METODO-abajo-d-300x300.webp 300w, https:\/\/caniscool.es\/wp-content\/uploads\/2024\/06\/Parte-5-METODO-abajo-d-150x150.webp 150w\" sizes=\"(max-width: 500px) 100vw, 500px\" \/>\n\t\t\t<\/div><\/figure><figure class='gallery-item'>\n\t\t\t<div class='gallery-icon landscape'>\n\t\t\t\t<img loading=\"lazy\" decoding=\"async\" width=\"500\" height=\"500\" src=\"https:\/\/caniscool.es\/wp-content\/uploads\/2024\/06\/Parte-5-METODO-abajo-c.webp\" class=\"attachment-full size-full\" alt=\"\" srcset=\"https:\/\/caniscool.es\/wp-content\/uploads\/2024\/06\/Parte-5-METODO-abajo-c.webp 500w, https:\/\/caniscool.es\/wp-content\/uploads\/2024\/06\/Parte-5-METODO-abajo-c-300x300.webp 300w, https:\/\/caniscool.es\/wp-content\/uploads\/2024\/06\/Parte-5-METODO-abajo-c-150x150.webp 150w\" sizes=\"(max-width: 500px) 100vw, 500px\" \/>\n\t\t\t<\/div><\/figure><figure class='gallery-item'>\n\t\t\t<div class='gallery-icon landscape'>\n\t\t\t\t<img loading=\"lazy\" decoding=\"async\" width=\"500\" height=\"500\" src=\"https:\/\/caniscool.es\/wp-content\/uploads\/2024\/06\/Parte-5-METODO-a.webp\" class=\"attachment-full size-full\" alt=\"\" srcset=\"https:\/\/caniscool.es\/wp-content\/uploads\/2024\/06\/Parte-5-METODO-a.webp 500w, https:\/\/caniscool.es\/wp-content\/uploads\/2024\/06\/Parte-5-METODO-a-300x300.webp 300w, https:\/\/caniscool.es\/wp-content\/uploads\/2024\/06\/Parte-5-METODO-a-150x150.webp 150w\" sizes=\"(max-width: 500px) 100vw, 500px\" \/>\n\t\t\t<\/div><\/figure>\n\t\t<\/div>\n\t\t<\/div>\n\t\t\t\t\t\t<\/div>\n\t\t\t\t<\/div>\n\t\t\t\t\t<\/div>\n\t\t\t\t<\/div>\n\t\t\t\t<\/div>","protected":false},"excerpt":{"rendered":"<p>Basamos nuestro m\u00e9todo en ciencia, no en mitos sobre la educaci\u00f3n canina SOLICITA TU DIAGN\u00d3STICO Escolarizamos con un m\u00e9todo de aprendizaje te\u00f3rico y pr\u00e1ctico, buscando que el resultado sea una absoluta comprensi\u00f3n del perro, no un simple adiestramiento. Ense\u00f1amos a las familias c\u00f3mo crear una conexi\u00f3n \u00fanica con sus perros, que les permitir\u00e1 gestionar cualquier [&hellip;]<\/p>","protected":false},"author":1,"featured_media":0,"parent":0,"menu_order":0,"comment_status":"closed","ping_status":"closed","template":"","meta":{"footnotes":""},"class_list":["post-13","page","type-page","status-publish","hentry"],"_links":{"self":[{"href":"https:\/\/caniscool.es\/en\/wp-json\/wp\/v2\/pages\/13","targetHints":{"allow":["GET"]}}],"collection":[{"href":"https:\/\/caniscool.es\/en\/wp-json\/wp\/v2\/pages"}],"about":[{"href":"https:\/\/caniscool.es\/en\/wp-json\/wp\/v2\/types\/page"}],"author":[{"embeddable":true,"href":"https:\/\/caniscool.es\/en\/wp-json\/wp\/v2\/users\/1"}],"replies":[{"embeddable":true,"href":"https:\/\/caniscool.es\/en\/wp-json\/wp\/v2\/comments?post=13"}],"version-history":[{"count":88,"href":"https:\/\/caniscool.es\/en\/wp-json\/wp\/v2\/pages\/13\/revisions"}],"predecessor-version":[{"id":1068,"href":"https:\/\/caniscool.es\/en\/wp-json\/wp\/v2\/pages\/13\/revisions\/1068"}],"wp:attachment":[{"href":"https:\/\/caniscool.es\/en\/wp-json\/wp\/v2\/media?parent=13"}],"curies":[{"name":"wp","href":"https:\/\/api.w.org\/{rel}","templated":true}]}}